{"id":1995,"date":"2021-02-03T19:49:23","date_gmt":"2021-02-03T17:49:23","guid":{"rendered":"http:\/\/lotsarnastockholm.se\/?page_id=1995"},"modified":"2022-12-28T11:20:54","modified_gmt":"2022-12-28T10:20:54","slug":"lotsplatser-1897","status":"publish","type":"page","link":"https:\/\/lotsarnastockholm.se\/index.php\/lotsplatser-1897\/","title":{"rendered":"Lotsplatser 1897"},"content":{"rendered":"\n<h2 class=\"has-text-align-center wp-block-heading\">RULLA<\/h2>\n\n\n\n<p class=\"has-text-align-center\">\u00d6FVER<\/p>\n\n\n\n<h2 class=\"has-text-align-center wp-block-heading\">PERSONALEN VID KONGL. LOTSSTYRELSEN<\/h2>\n\n\n\n<p class=\"has-text-align-center\">OCH<\/p>\n\n\n\n<h2 class=\"has-text-align-center wp-block-heading\">LOTSVERKET<\/h2>\n\n\n\n<p class=\"has-text-align-center\">ENLIGT UPPDRAG AF KONGL. LOTSSTYRELSEN<\/p>\n\n\n\n<p class=\"has-text-align-center\">UTGIFVEN<\/p>\n\n\n\n<p class=\"has-text-align-center\">AF<\/p>\n\n\n\n<p class=\"has-text-align-center\">AXEL SJ\u00d6BERG<\/p>\n\n\n\n<p class=\"has-text-align-center\">1897<\/p>\n\n\n\n<p class=\"has-text-align-center\">STOCKHOLM<\/p>\n\n\n\n<p><strong>Lotsplatser 1897<\/strong><\/p>\n\n\n\n<ul class=\"wp-block-list\">\n<li>Lule\u00e5 Lotsf\u00f6rdelning\n<ul class=\"wp-block-list\">\n<li>Salmis lotsplats<\/li>\n\n\n\n<li>Kalix lotsplats<\/li>\n\n\n\n<li>Mal\u00f6ren lotsplats<\/li>\n\n\n\n<li>T\u00f6re lotsplats<\/li>\n\n\n\n<li>Liggesk\u00e4r lotsplats<\/li>\n\n\n\n<li>Lule\u00e5 lotsplats<\/li>\n\n\n\n<li>R\u00f6dkallen lotsplats<\/li>\n\n\n\n<li>Storebbens lotsplats<\/li>\n\n\n\n<li>R\u00f6nnsk\u00e4rs lotsplats<\/li>\n\n\n\n<li>Romels\u00f6 lotsplats<\/li>\n\n\n\n<li>Stork\u00e5ge lotsplats<\/li>\n\n\n\n<li>Ursvikens lotsplats<\/li>\n\n\n\n<li>Bjur\u00f6klubbs lotsplats<\/li>\n\n\n\n<li>Ratans lotsplats<\/li>\n\n\n\n<li>S\u00e4fvars lotsplats<\/li>\n\n\n\n<li>Bredsk\u00e4rs lotsplats<\/li>\n<\/ul>\n<\/li>\n<\/ul>\n\n\n\n<ul class=\"wp-block-list\">\n<li>Sundsvalls Lotsf\u00f6rdelning\n<ul class=\"wp-block-list\">\n<li>J\u00e4rn\u00e4s lotsplats<\/li>\n\n\n\n<li>Skags lotsplats<\/li>\n\n\n\n<li>\u00d6rnsk\u00f6ldsviks lotsplats<\/li>\n\n\n\n<li>Ulf\u00f6 lotsplats<\/li>\n\n\n\n<li>Nylands lotsplats<\/li>\n\n\n\n<li>H\u00e4rn\u00f6lotsplats<\/li>\n\n\n\n<li>\u00c5stholmen lotsplats<\/li>\n\n\n\n<li>Sundsvalls lotsplats<\/li>\n\n\n\n<li>Brem\u00f6 lotsplats<\/li>\n\n\n\n<li>Stockvikens lotsplats<\/li>\n\n\n\n<li>Ag\u00f6 lotsplats<\/li>\n\n\n\n<li>Lilljungfruns lotsplats<\/li>\n\n\n\n<li>G\u00e5sholma lotsplats<\/li>\n\n\n\n<li>Gefle lotsplats<\/li>\n<\/ul>\n<\/li>\n<\/ul>\n\n\n\n<ul class=\"wp-block-list\">\n<li>Stockholms Lotsf\u00f6rdelning\n<ul class=\"wp-block-list\">\n<li>\u00d6rsk\u00e4rs lotsplats<\/li>\n\n\n\n<li>\u00d6regrunds lotsplats<\/li>\n\n\n\n<li>Svartklubbens lotsplats<\/li>\n\n\n\n<li>Arholma lotsplats<\/li>\n\n\n\n<li>S\u00f6derarms lotsplats<\/li>\n\n\n\n<li>Svenska H\u00f6garnes lotsplats<\/li>\n\n\n\n<li>Furusunds lotsplats<\/li>\n\n\n\n<li>Husar\u00f6 lotsplats<\/li>\n\n\n\n<li>Sandhamns lotsplats<\/li>\n\n\n\n<li>Stockholms lotsplats<\/li>\n\n\n\n<li>M\u00e4larens lotsplats<\/li>\n\n\n\n<li>Berghamns lotsplats<\/li>\n\n\n\n<li>Dalar\u00f6 lotsplats<\/li>\n\n\n\n<li>Hufvudsk\u00e4rs lotsplats<\/li>\n\n\n\n<li>Landsorts lotsplats<\/li>\n\n\n\n<li>S\u00f6dertelje lotsplats<\/li>\n<\/ul>\n<\/li>\n<\/ul>\n\n\n\n<ul class=\"wp-block-list\">\n<li>Norrk\u00f6pings Lotsf\u00f6rdelning\n<ul class=\"wp-block-list\">\n<li>S\u00e4f\u00f6sunds lotsplats<\/li>\n\n\n\n<li>Nyk\u00f6pings lotsplats<\/li>\n\n\n\n<li>Oxel\u00f6sunds lotsplats<\/li>\n\n\n\n<li>Norrk\u00f6pings lotsplats<\/li>\n\n\n\n<li>Ark\u00f6 lotsplats<\/li>\n\n\n\n<li>Mems lotsplats<\/li>\n\n\n\n<li>H\u00e5sk\u00f6 lotsplats<\/li>\n\n\n\n<li>H\u00e4radsk\u00e4rs lotsplats<\/li>\n\n\n\n<li>Bok\u00f6 lotsplats<\/li>\n\n\n\n<li>Torr\u00f6 lotsplats<\/li>\n\n\n\n<li>Stedsholmens lotsplats<\/li>\n\n\n\n<li>Id\u00f6 lotsplats<\/li>\n\n\n\n<li>Strup\u00f6 lotsplats<\/li>\n\n\n\n<li>Kr\u00e5kelunds lotsplats<\/li>\n\n\n\n<li>Figeholms lotsplats<\/li>\n<\/ul>\n<\/li>\n<\/ul>\n\n\n\n<ul class=\"wp-block-list\">\n<li>Kalmar Lotsf\u00f6rdelning<ul><li>Oskarshamns lotsplats<\/li><li>P\u00e5skallaviks lotsplats<\/li><li>V\u00e5ll\u00f6 lotsplats<\/li><li>M\u00f6nster\u00e5s lotsplats<\/li><li>Timmernabben lotsplats<\/li><li>Pataholms lotsplats<\/li><\/ul>\n<ul class=\"wp-block-list\">\n<li>K\u00e5reholms lotsplats (Drogs in 1 april 1912)<\/li>\n\n\n\n<li>Grankullavikens lotsplats (tillf\u00e4llig 1905 &#8211; 1\/1 1915)<\/li>\n\n\n\n<li>Borgholms lotsplats<\/li>\n\n\n\n<li>Sk\u00e4ggen\u00e4s lotsplats<\/li>\n\n\n\n<li>Kalmar lotsplats<\/li>\n\n\n\n<li>Botorps lotsplats (drogs in 28 februari 1910)<\/li>\n\n\n\n<li>Eken\u00e4s lotsplats (drogs in 14 nov 1910)<\/li>\n\n\n\n<li>Bergqvara lotsplats<\/li>\n\n\n\n<li>Degerhamn lotsplats<\/li>\n\n\n\n<li>Kristianopel lotsplats (drogs in 30 april 1912)<\/li>\n\n\n\n<li>L\u00e5ng\u00f6rens lotsplats<\/li>\n\n\n\n<li>Asp\u00f6 lotsplats<\/li>\n\n\n\n<li>Arp\u00f6 lotsplats<\/li>\n\n\n\n<li>G\u00f6kalfs lotsplats<\/li>\n\n\n\n<li>T\u00e4rn\u00f6 lotsplats<\/li>\n\n\n\n<li>Karlshamns lotsplats<\/li>\n\n\n\n<li>Pukavik lotsplats<\/li>\n\n\n\n<li>Han\u00f6 lotsplats<\/li>\n\n\n\n<li>S\u00f6lvesborg lotsplats<\/li>\n<\/ul>\n<\/li>\n<\/ul>\n\n\n\n<ul class=\"wp-block-list\">\n<li>Malm\u00f6 Lotsf\u00f6rdelning\n<ul class=\"wp-block-list\">\n<li>\u00c5hus lotsplats<\/li>\n\n\n\n<li>Simrishamns lotsplats<\/li>\n\n\n\n<li>Ystads lotsplats<\/li>\n\n\n\n<li>Trelleborgs lotsplats<\/li>\n\n\n\n<li>\u00d6resunds s\u00f6dra lotsplats<\/li>\n\n\n\n<li>Limhamns lots plats<\/li>\n\n\n\n<li>Malm\u00f6 lotsplats<\/li>\n\n\n\n<li>Landskrona lotsplats<\/li>\n\n\n\n<li>Helsingborgs lotsplats<\/li>\n\n\n\n<li>\u00d6resunds norra lotsplats<\/li>\n\n\n\n<li>H\u00f6gan\u00e4s lotsplats<\/li>\n\n\n\n<li>Engelholms lotsplats<\/li>\n\n\n\n<li>Torekovs lotsplats<\/li>\n<\/ul>\n<\/li>\n<\/ul>\n\n\n\n<ul class=\"wp-block-list\">\n<li>G\u00f6teborgs Lotsf\u00f6rdelning\n<ul class=\"wp-block-list\">\n<li>Halmstads lotsplats<\/li>\n\n\n\n<li>Falkenbergs lotsplats<\/li>\n\n\n\n<li>Varbergs lotsplats<\/li>\n\n\n\n<li>M\u00f6nsters lotsplats<\/li>\n\n\n\n<li>Vr\u00e5ng\u00f6 lotsplats<\/li>\n\n\n\n<li>Br\u00e4nn\u00f6 lotsplats<\/li>\n\n\n\n<li>G\u00f6teborgs lotsplats<\/li>\n\n\n\n<li>H\u00f6n\u00f6 lotsplats<\/li>\n\n\n\n<li>Kalfsunds lotsplats<\/li>\n\n\n\n<li>R\u00f6r\u00f6 lotsplats<\/li>\n\n\n\n<li>Marstrands lotsplats<\/li>\n\n\n\n<li>H\u00e4ttans lotsplats<\/li>\n\n\n\n<li>Stora Asker\u00f6ns lotsplats<\/li>\n\n\n\n<li>Uddevalla lotsplats<\/li>\n\n\n\n<li>Kl\u00e4desholmens lotsplats<\/li>\n\n\n\n<li>Gr\u00f6nsk\u00e4rens lotsplats<\/li>\n\n\n\n<li>K\u00e4ring\u00f6 lotsplats<\/li>\n\n\n\n<li>Gullholmen lotsplats<\/li>\n\n\n\n<li>Lysekils lotsplats<\/li>\n\n\n\n<li>Sm\u00f6gens lotsplats<\/li>\n\n\n\n<li>V\u00e4der\u00f6arnes lotsplats<\/li>\n\n\n\n<li>Dyng\u00f6 lotsplats<\/li>\n\n\n\n<li>Hafstenssunds lotsplats<\/li>\n\n\n\n<li>Nordkosters lotsplats<\/li>\n\n\n\n<li>Str\u00f6mstads lotsplats<\/li>\n<\/ul>\n<\/li>\n<\/ul>\n\n\n\n<ul class=\"wp-block-list\">\n<li>Gotlands Lotsf\u00f6rdelning\n<ul class=\"wp-block-list\">\n<li>Visby lotsplats<\/li>\n\n\n\n<li>Kappelhamns lotsplats<\/li>\n\n\n\n<li>F\u00e5r\u00f6sunds norra gatts lotsplats<\/li>\n\n\n\n<li>F\u00e5r\u00f6sunds s\u00f6dra gatts lotsplats<\/li>\n\n\n\n<li>Kylejs lotsplats<\/li>\n\n\n\n<li>Slite lotsplats<\/li>\n\n\n\n<li>H\u00e4rviks lotsplats<\/li>\n\n\n\n<li>Ljugarns lotsplats<\/li>\n\n\n\n<li>Ronehamns lotsplats<\/li>\n\n\n\n<li>Gr\u00f6ttlingboudde lotsplats<\/li>\n\n\n\n<li>Stockviks lotsplats<\/li>\n\n\n\n<li>Burgsviks lotsplats<\/li>\n\n\n\n<li>Klintehamns lotsplats<\/li>\n\n\n\n<li>Vestergarn lotsplats<\/li>\n<\/ul>\n<\/li>\n<\/ul>\n","protected":false},"excerpt":{"rendered":"<p>RULLA \u00d6FVER PERSONALEN VID KONGL. LOTSSTYRELSEN OCH LOTSVERKET ENLIGT UPPDRAG AF KONGL. LOTSSTYRELSEN UTGIFVEN AF AXEL SJ\u00d6BERG 1897 STOCKHOLM Lotsplatser 1897<\/p>\n","protected":false},"author":1,"featured_media":0,"parent":0,"menu_order":0,"comment_status":"closed","ping_status":"closed","template":"","meta":{"footnotes":""},"class_list":["post-1995","page","type-page","status-publish","hentry","entry"],"_links":{"self":[{"href":"https:\/\/lotsarnastockholm.se\/index.php\/wp-json\/wp\/v2\/pages\/1995","targetHints":{"allow":["GET"]}}],"collection":[{"href":"https:\/\/lotsarnastockholm.se\/index.php\/wp-json\/wp\/v2\/pages"}],"about":[{"href":"https:\/\/lotsarnastockholm.se\/index.php\/wp-json\/wp\/v2\/types\/page"}],"author":[{"embeddable":true,"href":"https:\/\/lotsarnastockholm.se\/index.php\/wp-json\/wp\/v2\/users\/1"}],"replies":[{"embeddable":true,"href":"https:\/\/lotsarnastockholm.se\/index.php\/wp-json\/wp\/v2\/comments?post=1995"}],"version-history":[{"count":8,"href":"https:\/\/lotsarnastockholm.se\/index.php\/wp-json\/wp\/v2\/pages\/1995\/revisions"}],"predecessor-version":[{"id":4251,"href":"https:\/\/lotsarnastockholm.se\/index.php\/wp-json\/wp\/v2\/pages\/1995\/revisions\/4251"}],"wp:attachment":[{"href":"https:\/\/lotsarnastockholm.se\/index.php\/wp-json\/wp\/v2\/media?parent=1995"}],"curies":[{"name":"wp","href":"https:\/\/api.w.org\/{rel}","templated":true}]}}