{"id":1968,"date":"2021-02-02T23:45:37","date_gmt":"2021-02-02T21:45:37","guid":{"rendered":"http:\/\/lotsarnastockholm.se\/?page_id=1968"},"modified":"2023-12-25T23:18:17","modified_gmt":"2023-12-25T22:18:17","slug":"uniformer","status":"publish","type":"page","link":"https:\/\/lotsarnastockholm.se\/index.php\/uniformer\/","title":{"rendered":"Uniformer"},"content":{"rendered":"\n<h4 class=\"wp-block-heading\"><strong>Uniform och gradbeteckningar likt flottan<\/strong><\/h4>\n\n\n\n<p>I \u00e4ldre tider var lotsarna kl\u00e4dda som befolkningen i \u00f6vrigt. Det fanns allts\u00e5 ingen s\u00e4rskild lotsuniform. \u00c5r 1798 framst\u00e4llde Amiralitetet en \u00f6nskan om n\u00e5gon form av legitimering. D\u00e5 stadgades i den nya lotsf\u00f6rordningen att lotsarna skulle b\u00e4ra en oval m\u00e4ssingsbricka med stiliserat ankare och krona. Inskriptionen var KRONOLOTS. Sextiotre \u00e5r senare kom en ny bricka med i stort samma utformning och utf\u00f6rande. <\/p>\n\n\n\n<p>Fr\u00e5gan om en lotsuniform, i enlighet med flottans bekl\u00e4dnadsreglemente, v\u00e4cktes som f\u00f6rslag p\u00e5 1870-talet. Men det var f\u00f6rst 1881, n\u00e4r s\u00e5 mycket annat f\u00f6r\u00e4ndrades f\u00f6r lotsarna, som det utf\u00e4rdades uniformsbest\u00e4mmelser, vilket medf\u00f6rde att man mer allm\u00e4nt anv\u00e4nde sig av en gemensam kl\u00e4dedr\u00e4kt.<\/p>\n\n\n\n<p>F\u00e4rg och snitt p\u00e5 den f\u00f6rsta lotsuniformen (1881) var mycket lik flottans uniformer. Tyget var m\u00f6rkbl\u00e5tt kl\u00e4de. En rund sk\u00e4rmm\u00f6ssa var f\u00f6rsedd med ett ankare i gul metall, kavaj med sk bandchevroner som V p\u00e5 armarna. M\u00e4sterlotsarna hade tv\u00e5 band med spetsarna ned\u00e5t p\u00e5 b\u00e5da \u00e4rmarna och p\u00e5 vardera sidan p\u00e5 kragen. Lots hade bara en chevron. Den h\u00e4r typen av uniform (med undantag av chevronerna som senare \u00e4ndrades till galoner) kom i stort sett att vara sig lik \u00e4nda fram till 1980-talet.<\/p>\n\n\n\n<figure class=\"wp-block-image size-large\"><a href=\"https:\/\/lotsarnastockholm.se\/wp-content\/uploads\/2018\/03\/B-S-\u00d6strand.jpg\"><img decoding=\"async\" src=\"https:\/\/lotsarnastockholm.se\/wp-content\/uploads\/2018\/03\/B-S-\u00d6strand-725x1024.jpg\" alt=\"\" class=\"wp-image-984\"\/><\/a><figcaption class=\"wp-element-caption\">S\u00e5 stiliga var lotsarna i slutet av 1800-talet!<\/figcaption><\/figure>\n\n\n\n<p>Till att b\u00f6rja med anv\u00e4ndes uniformen bara som s\u00f6ndagskostym, dvs i samband med inspektioner och i andra officiella sammanhang. Huruvida man anv\u00e4nde uniform eller inte hade till en b\u00f6rjan praktiska orsaker, t ex typ av lotsb\u00e5t och lotss\u00f6kande fartyg. Det dr\u00f6jde t\u00e4mligen l\u00e4nge innan samtliga lotsplatser var utrustade med motordrivna lotsb\u00e5tar, den f\u00f6rsta kom 1904 till Oxel\u00f6sunds lotsplats, och innan dess hade man segelkuttrar och lotsarnas egna styrekor.<\/p>\n\n\n\n<p>I s\u00e5dana b\u00e5tar var uniformen, om inte ett direkt hinder s\u00e5 i varje fall en opraktisk kl\u00e4dedr\u00e4kt. Den var sv\u00e5r att h\u00e5lla torr och snygg i v\u00e4ta och vid&nbsp;bordningar. Vartefter de maskindrivna lotsb\u00e5tarna alltmer tr\u00e4ngde ut de gamla segelkuttrarna b\u00f6rjade lotsuniformen tas i bruk mer allm\u00e4nt.<\/p>\n\n\n\n<figure class=\"wp-block-image size-large\"><a href=\"https:\/\/lotsarnastockholm.se\/wp-content\/uploads\/2021\/03\/uniformer.jpg\"><img fetchpriority=\"high\" decoding=\"async\" width=\"407\" height=\"547\" src=\"https:\/\/lotsarnastockholm.se\/wp-content\/uploads\/2021\/03\/uniformer.jpg\" alt=\"\" class=\"wp-image-2226\" srcset=\"https:\/\/lotsarnastockholm.se\/wp-content\/uploads\/2021\/03\/uniformer.jpg 407w, https:\/\/lotsarnastockholm.se\/wp-content\/uploads\/2021\/03\/uniformer-223x300.jpg 223w\" sizes=\"(max-width: 407px) 100vw, 407px\" \/><\/a><figcaption class=\"wp-element-caption\">Gerhard &#8221;Flinta&#8221; Stenhammar och Ulf Svedberg. 1991 p\u00e5 Rosenvik.<\/figcaption><\/figure>\n\n\n\n<p>Uniformsreglementet ersattes under 1980-talet till bekl\u00e4dnadsavtalet d\u00e4r mer funktionella kl\u00e4der ingick i sortimentet. Kanske inte lika romantiskt?<\/p>\n\n\n\n<p>Historien bakom bilderna nedanf\u00f6r:<\/p>\n\n\n\n<p>1997 best\u00e4mdes det fr\u00e5n centrallagret i Norrk\u00f6ping att reservdelar och artiklar som s\u00e4llan anv\u00e4ndes och som var s.k. hyllv\u00e4rmare skulle sorteras ut och g\u00e5 till destruktion. Tjocka luntor med inneh\u00e5ll av ovan n\u00e4mnda artiklar skickades ut till Sj\u00f6trafikomr\u00e5dena f\u00f6r att se om det var n\u00e5got som n\u00e5gon beh\u00f6vde annars skulle det skrotas.<\/p>\n\n\n\n<p>Tjockparten av det som fanns uppradat sida upp och sida ned var mest av teknisk karakt\u00e4r som katodstr\u00e5ler\u00f6r , transistorer, gl\u00f6dlampor, gasfyrars delar, lanterniner mm osv .<\/p>\n\n\n\n<p>Jag var vid tidpunkten anst\u00e4lld som sj\u00f6trafikomr\u00e5des chef (CTO) &nbsp;i Skagerraks sj\u00f6trafikomr\u00e5de och innan jag skickade ner mappen till f\u00f6rman Martin f\u00f6r att se om n\u00e5got beh\u00f6vdes p\u00e5 hans hyllor \u00f6gnade jag snabbt igenom mappen f\u00f6r att se om n\u00e5got intressant fanns. Efter ett antal sidor ins\u00e5g jag att det var i princip artiklar som legat sen 50-talet eller l\u00e4ngre tillbaka. Absolut inget som beh\u00f6vdes 1997.<\/p>\n\n\n\n<p>Mina \u00f6gon passerade ett kort avsnitt med uniformsdelar som jag inte sk\u00e4nkte n\u00e5gon n\u00e4rmre eftertanke. Men efter n\u00e5gra snabba bl\u00e4ddringar s\u00e5 hann hj\u00e4rnan ikapp.&nbsp; Hmmm uniformsdelar? M\u00e5ste kolla en g\u00e5ng till vad det var f\u00f6r n\u00e5got. Det fanns tydligen ganska stora m\u00e4ngder av knappar och m\u00f6ssm\u00e4rken samt galoner som legat m\u00e5nga m\u00e5nga \u00e5r. Helt naturligt eftersom ingen lots anv\u00e4nt uniform p\u00e5 decennier. Hmm det d\u00e4r verkade r\u00e4tt sp\u00e4nnande \u00e4nd\u00e5. Priserna var tydligen ink\u00f6pspriset fr\u00e5n 40-50 talet s\u00e5 vi pratar 10-50 \u00f6re per artikel! Jag kryssade f\u00f6r samtliga. Efter ett antal veckor damp en p\u00e5se ner fr\u00e5n Hk med allt i en enda stor r\u00f6ra. Vad var nu allt detta f\u00f6r n\u00e5got?<\/p>\n\n\n\n<p>V\u00e5r eminenta kontorsnestor Kerstin Hovde kom med f\u00f6rslaget att kontakta den pensionerade legendariske lotsdirekt\u00f6ren Harry Sellman. Sagt och gjort, Kerstin fick tag i Harry och han kom till lotskontoret i Marstrand d\u00e4r kontoret var bel\u00e4get och tillsammans gick de igenom allt och sorterade upp det i snygga h\u00f6gar.<\/p>\n\n\n\n<figure class=\"wp-block-image size-large\"><a href=\"http:\/\/lotsarnastockholm.se\/wp-content\/uploads\/2021\/02\/IMGs_0002.jpg\"><img decoding=\"async\" width=\"1024\" height=\"626\" src=\"http:\/\/lotsarnastockholm.se\/wp-content\/uploads\/2021\/02\/IMGs_0002.jpg\" alt=\"\" class=\"wp-image-1992\" srcset=\"https:\/\/lotsarnastockholm.se\/wp-content\/uploads\/2021\/02\/IMGs_0002.jpg 1024w, https:\/\/lotsarnastockholm.se\/wp-content\/uploads\/2021\/02\/IMGs_0002-300x183.jpg 300w, https:\/\/lotsarnastockholm.se\/wp-content\/uploads\/2021\/02\/IMGs_0002-768x470.jpg 768w\" sizes=\"(max-width: 1024px) 100vw, 1024px\" \/><\/a><figcaption class=\"wp-element-caption\">Lotsstationen Marstrand 1997<\/figcaption><\/figure>\n\n\n\n<p>N\u00e4r det var klart best\u00e4mde vi att en av b\u00e5tm\u00e4nnen, som var duktig snickare, skull l\u00e5ta tillverka ett par fina tr\u00e4ramar i mahogany med glasskiva f\u00f6r att skydda mot damm. &nbsp;Kerstin f\u00e4ste sedan upp allt i snygg och prydlig ordning samt med m\u00e4ssingsskyltar under som f\u00f6rklaring till de olika delarna.<\/p>\n\n\n\n<p>Vi fick ihop tre tavlor som placerades p\u00e5 kontoret i Marstrand, Lotsstugan i Lysekil och en tog jag med mig till Stockholms Sj\u00f6trafikomr\u00e5de d\u00e4r jag fick tj\u00e4nst som CTO i maj 1998. Det \u00e4r fr\u00e5n den tavlan som alla dessa bilder \u00e4r tagna. Tavlan h\u00e4nger p\u00e5 det nya kontoret p\u00e5 Rosenvik.<\/p>\n\n\n\n<p>Ulf S<\/p>\n\n\n\n<p>F\u00f6rst kanske den \u00e4ldsta gradbeteckningen, Lotsbrickan:<\/p>\n\n\n<div class=\"wp-block-image\">\n<figure class=\"aligncenter size-large\"><a href=\"https:\/\/lotsarnastockholm.se\/wp-content\/uploads\/2018\/01\/cropped-lotsbricka.jpg\"><img decoding=\"async\" width=\"826\" height=\"1006\" src=\"https:\/\/lotsarnastockholm.se\/wp-content\/uploads\/2018\/01\/cropped-lotsbricka.jpg\" alt=\"\" class=\"wp-image-2082\" srcset=\"https:\/\/lotsarnastockholm.se\/wp-content\/uploads\/2018\/01\/cropped-lotsbricka.jpg 826w, https:\/\/lotsarnastockholm.se\/wp-content\/uploads\/2018\/01\/cropped-lotsbricka-246x300.jpg 246w, https:\/\/lotsarnastockholm.se\/wp-content\/uploads\/2018\/01\/cropped-lotsbricka-768x935.jpg 768w\" sizes=\"(max-width: 826px) 100vw, 826px\" \/><\/a><\/figure>\n<\/div>\n\n\n<p><strong>Den gamla lotsbrickan<\/strong><br>(Av H\u00e5kan Bergstr\u00f6m)<\/p>\n\n\n\n<p>I b\u00f6rjan av 1900-talet hade lotsarna en ID-bricka som bars i en kedja runt halsen. Den vackra brickan var ett tecken p\u00e5 den auktoritet och st\u00e4llning som lotsen hade i sin tj\u00e4nsteut\u00f6vning. En statlig representant n\u00e4r det g\u00e4llde f\u00f6rh\u00e5llandena runt v\u00e5ra kuster. Lotsen hade ett stort ansvar b\u00e5de f\u00f6r fartyg, laster samt m\u00e4nniskoliv. Lotsen var den som hade lokalk\u00e4nnedom om de olika f\u00f6rh\u00e5llanden som var viktiga att k\u00e4nna till n\u00e4r man skulle n\u00e4rma sig en hamn eller s\u00f6ka l\u00e4skydd i h\u00e5rt v\u00e4der. Lotsarna hade ocks\u00e5 ansvaret f\u00f6r utm\u00e4rkning av farlederna.<\/p>\n\n\n\n<p>Under denna period var yrkesben\u00e4mningen Kronolots. Lotsen skulle b\u00e4ra sin ID-bricka i en kedja om halsen p\u00e5 den vita skjortan. Man kan f\u00f6rst\u00e5 att denna best\u00e4mmelse var ganska impopul\u00e4r hos lotsarna. Problemet var att brickan som var av m\u00e4ssing och \u00e4rgade av sig p\u00e5 skjortan. Gr\u00f6na fl\u00e4ckar som man inte kunde ta bort. S\u00e5 sm\u00e5ningom drogs dessa brickor in genom att en representant f\u00f6r Lotsverket tog tillbaka brickorna vid de inspektionsbes\u00f6k som gjordes p\u00e5 lotsplatserna.<\/p>\n\n\n\n<p><\/p>\n\n\n<div class=\"wp-block-image\">\n<figure class=\"aligncenter size-large\"><a href=\"http:\/\/lotsarnastockholm.se\/wp-content\/uploads\/2021\/02\/Bild9.jpg\"><img loading=\"lazy\" decoding=\"async\" width=\"288\" height=\"300\" src=\"http:\/\/lotsarnastockholm.se\/wp-content\/uploads\/2021\/02\/Bild9.jpg\" alt=\"\" class=\"wp-image-1972\"\/><\/a><figcaption class=\"wp-element-caption\">Lotsdirekt\u00f6r M\u00f6ssm\u00e4rke<\/figcaption><\/figure>\n<\/div>\n\n\n<p><\/p>\n\n\n\n<figure class=\"wp-block-image size-large\"><a href=\"http:\/\/lotsarnastockholm.se\/wp-content\/uploads\/2021\/02\/Bild12.jpg\"><img loading=\"lazy\" decoding=\"async\" width=\"768\" height=\"1024\" src=\"http:\/\/lotsarnastockholm.se\/wp-content\/uploads\/2021\/02\/Bild12-768x1024.jpg\" alt=\"\" class=\"wp-image-1973\" srcset=\"https:\/\/lotsarnastockholm.se\/wp-content\/uploads\/2021\/02\/Bild12-768x1024.jpg 768w, https:\/\/lotsarnastockholm.se\/wp-content\/uploads\/2021\/02\/Bild12-225x300.jpg 225w, https:\/\/lotsarnastockholm.se\/wp-content\/uploads\/2021\/02\/Bild12.jpg 945w\" sizes=\"(max-width: 768px) 100vw, 768px\" \/><\/a><figcaption class=\"wp-element-caption\">Lots M\u00f6ssm\u00e4rke<\/figcaption><\/figure>\n\n\n\n<figure class=\"wp-block-image size-large\"><a href=\"http:\/\/lotsarnastockholm.se\/wp-content\/uploads\/2021\/02\/Bild3.jpg\"><img loading=\"lazy\" decoding=\"async\" width=\"715\" height=\"1024\" src=\"http:\/\/lotsarnastockholm.se\/wp-content\/uploads\/2021\/02\/Bild3-715x1024.jpg\" alt=\"\" class=\"wp-image-1974\" srcset=\"https:\/\/lotsarnastockholm.se\/wp-content\/uploads\/2021\/02\/Bild3-715x1024.jpg 715w, https:\/\/lotsarnastockholm.se\/wp-content\/uploads\/2021\/02\/Bild3-210x300.jpg 210w, https:\/\/lotsarnastockholm.se\/wp-content\/uploads\/2021\/02\/Bild3-768x1100.jpg 768w, https:\/\/lotsarnastockholm.se\/wp-content\/uploads\/2021\/02\/Bild3.jpg 945w\" sizes=\"(max-width: 715px) 100vw, 715px\" \/><\/a><figcaption class=\"wp-element-caption\">Fyrm\u00e4stare M\u00f6ssm\u00e4rke<\/figcaption><\/figure>\n\n\n\n<figure class=\"wp-block-image size-large\"><a href=\"http:\/\/lotsarnastockholm.se\/wp-content\/uploads\/2021\/02\/Bild1.jpg\"><img loading=\"lazy\" decoding=\"async\" width=\"714\" height=\"1024\" src=\"http:\/\/lotsarnastockholm.se\/wp-content\/uploads\/2021\/02\/Bild1-714x1024.jpg\" alt=\"\" class=\"wp-image-1975\" srcset=\"https:\/\/lotsarnastockholm.se\/wp-content\/uploads\/2021\/02\/Bild1-714x1024.jpg 714w, https:\/\/lotsarnastockholm.se\/wp-content\/uploads\/2021\/02\/Bild1-209x300.jpg 209w, https:\/\/lotsarnastockholm.se\/wp-content\/uploads\/2021\/02\/Bild1-768x1101.jpg 768w, https:\/\/lotsarnastockholm.se\/wp-content\/uploads\/2021\/02\/Bild1.jpg 945w\" sizes=\"(max-width: 714px) 100vw, 714px\" \/><\/a><figcaption class=\"wp-element-caption\">Fyrm\u00e4stare galoner<\/figcaption><\/figure>\n\n\n\n<figure class=\"wp-block-image size-large\"><a href=\"http:\/\/lotsarnastockholm.se\/wp-content\/uploads\/2021\/02\/Bild4.jpg\"><img loading=\"lazy\" decoding=\"async\" width=\"791\" height=\"1024\" src=\"http:\/\/lotsarnastockholm.se\/wp-content\/uploads\/2021\/02\/Bild4-791x1024.jpg\" alt=\"\" class=\"wp-image-1976\" srcset=\"https:\/\/lotsarnastockholm.se\/wp-content\/uploads\/2021\/02\/Bild4-791x1024.jpg 791w, https:\/\/lotsarnastockholm.se\/wp-content\/uploads\/2021\/02\/Bild4-232x300.jpg 232w, https:\/\/lotsarnastockholm.se\/wp-content\/uploads\/2021\/02\/Bild4-768x995.jpg 768w, https:\/\/lotsarnastockholm.se\/wp-content\/uploads\/2021\/02\/Bild4.jpg 945w\" sizes=\"(max-width: 791px) 100vw, 791px\" \/><\/a><figcaption class=\"wp-element-caption\">Fyrvaktare galoner<\/figcaption><\/figure>\n\n\n\n<figure class=\"wp-block-image size-large\"><a href=\"http:\/\/lotsarnastockholm.se\/wp-content\/uploads\/2021\/02\/Bild5.jpg\"><img loading=\"lazy\" decoding=\"async\" width=\"945\" height=\"869\" src=\"http:\/\/lotsarnastockholm.se\/wp-content\/uploads\/2021\/02\/Bild5.jpg\" alt=\"\" class=\"wp-image-1977\" srcset=\"https:\/\/lotsarnastockholm.se\/wp-content\/uploads\/2021\/02\/Bild5.jpg 945w, https:\/\/lotsarnastockholm.se\/wp-content\/uploads\/2021\/02\/Bild5-300x276.jpg 300w, https:\/\/lotsarnastockholm.se\/wp-content\/uploads\/2021\/02\/Bild5-768x706.jpg 768w\" sizes=\"(max-width: 945px) 100vw, 945px\" \/><\/a><figcaption class=\"wp-element-caption\">Hakrem<\/figcaption><\/figure>\n\n\n\n<figure class=\"wp-block-image size-large\"><a href=\"http:\/\/lotsarnastockholm.se\/wp-content\/uploads\/2021\/02\/Bild8.jpg\"><img loading=\"lazy\" decoding=\"async\" width=\"743\" height=\"1024\" src=\"http:\/\/lotsarnastockholm.se\/wp-content\/uploads\/2021\/02\/Bild8-743x1024.jpg\" alt=\"\" class=\"wp-image-1978\" srcset=\"https:\/\/lotsarnastockholm.se\/wp-content\/uploads\/2021\/02\/Bild8-743x1024.jpg 743w, https:\/\/lotsarnastockholm.se\/wp-content\/uploads\/2021\/02\/Bild8-218x300.jpg 218w, https:\/\/lotsarnastockholm.se\/wp-content\/uploads\/2021\/02\/Bild8-768x1058.jpg 768w, https:\/\/lotsarnastockholm.se\/wp-content\/uploads\/2021\/02\/Bild8.jpg 945w\" sizes=\"(max-width: 743px) 100vw, 743px\" \/><\/a><figcaption class=\"wp-element-caption\">Lots galoner<\/figcaption><\/figure>\n\n\n\n<figure class=\"wp-block-image size-large\"><a href=\"http:\/\/lotsarnastockholm.se\/wp-content\/uploads\/2021\/02\/Bild7.jpg\"><img loading=\"lazy\" decoding=\"async\" width=\"888\" height=\"1024\" src=\"http:\/\/lotsarnastockholm.se\/wp-content\/uploads\/2021\/02\/Bild7-888x1024.jpg\" alt=\"\" class=\"wp-image-1979\" srcset=\"https:\/\/lotsarnastockholm.se\/wp-content\/uploads\/2021\/02\/Bild7-888x1024.jpg 888w, https:\/\/lotsarnastockholm.se\/wp-content\/uploads\/2021\/02\/Bild7-260x300.jpg 260w, https:\/\/lotsarnastockholm.se\/wp-content\/uploads\/2021\/02\/Bild7-768x886.jpg 768w, https:\/\/lotsarnastockholm.se\/wp-content\/uploads\/2021\/02\/Bild7.jpg 945w\" sizes=\"(max-width: 888px) 100vw, 888px\" \/><\/a><figcaption class=\"wp-element-caption\">Lotsgaloner och vinterrem<\/figcaption><\/figure>\n\n\n\n<figure class=\"wp-block-image size-large\"><a href=\"http:\/\/lotsarnastockholm.se\/wp-content\/uploads\/2021\/02\/Bild11.jpg\"><img loading=\"lazy\" decoding=\"async\" width=\"758\" height=\"1024\" src=\"http:\/\/lotsarnastockholm.se\/wp-content\/uploads\/2021\/02\/Bild11-758x1024.jpg\" alt=\"\" class=\"wp-image-1980\" srcset=\"https:\/\/lotsarnastockholm.se\/wp-content\/uploads\/2021\/02\/Bild11-758x1024.jpg 758w, https:\/\/lotsarnastockholm.se\/wp-content\/uploads\/2021\/02\/Bild11-222x300.jpg 222w, https:\/\/lotsarnastockholm.se\/wp-content\/uploads\/2021\/02\/Bild11-768x1038.jpg 768w, https:\/\/lotsarnastockholm.se\/wp-content\/uploads\/2021\/02\/Bild11.jpg 945w\" sizes=\"(max-width: 758px) 100vw, 758px\" \/><\/a><figcaption class=\"wp-element-caption\">Lotsinspekt\u00f6r<\/figcaption><\/figure>\n\n\n\n<figure class=\"wp-block-image size-large\"><a href=\"http:\/\/lotsarnastockholm.se\/wp-content\/uploads\/2021\/02\/Bild16.jpg\"><img loading=\"lazy\" decoding=\"async\" width=\"815\" height=\"1024\" src=\"http:\/\/lotsarnastockholm.se\/wp-content\/uploads\/2021\/02\/Bild16-815x1024.jpg\" alt=\"\" class=\"wp-image-1981\" srcset=\"https:\/\/lotsarnastockholm.se\/wp-content\/uploads\/2021\/02\/Bild16-815x1024.jpg 815w, https:\/\/lotsarnastockholm.se\/wp-content\/uploads\/2021\/02\/Bild16-239x300.jpg 239w, https:\/\/lotsarnastockholm.se\/wp-content\/uploads\/2021\/02\/Bild16-768x965.jpg 768w, https:\/\/lotsarnastockholm.se\/wp-content\/uploads\/2021\/02\/Bild16.jpg 945w\" sizes=\"(max-width: 815px) 100vw, 815px\" \/><\/a><figcaption class=\"wp-element-caption\">Vinterrock<\/figcaption><\/figure>\n\n\n\n<figure class=\"wp-block-image size-large\"><a href=\"http:\/\/lotsarnastockholm.se\/wp-content\/uploads\/2021\/02\/Bild18.jpg\"><img loading=\"lazy\" decoding=\"async\" width=\"746\" height=\"1024\" src=\"http:\/\/lotsarnastockholm.se\/wp-content\/uploads\/2021\/02\/Bild18-746x1024.jpg\" alt=\"\" class=\"wp-image-1982\" srcset=\"https:\/\/lotsarnastockholm.se\/wp-content\/uploads\/2021\/02\/Bild18-746x1024.jpg 746w, https:\/\/lotsarnastockholm.se\/wp-content\/uploads\/2021\/02\/Bild18-219x300.jpg 219w, https:\/\/lotsarnastockholm.se\/wp-content\/uploads\/2021\/02\/Bild18-768x1054.jpg 768w, https:\/\/lotsarnastockholm.se\/wp-content\/uploads\/2021\/02\/Bild18.jpg 945w\" sizes=\"(max-width: 746px) 100vw, 746px\" \/><\/a><figcaption class=\"wp-element-caption\">\u00d6verlots<\/figcaption><\/figure>\n\n\n\n<figure class=\"wp-block-image size-large\"><a href=\"http:\/\/lotsarnastockholm.se\/wp-content\/uploads\/2021\/02\/Bild13.jpg\"><img loading=\"lazy\" decoding=\"async\" width=\"752\" height=\"1024\" src=\"http:\/\/lotsarnastockholm.se\/wp-content\/uploads\/2021\/02\/Bild13-752x1024.jpg\" alt=\"\" class=\"wp-image-1984\" srcset=\"https:\/\/lotsarnastockholm.se\/wp-content\/uploads\/2021\/02\/Bild13-752x1024.jpg 752w, https:\/\/lotsarnastockholm.se\/wp-content\/uploads\/2021\/02\/Bild13-220x300.jpg 220w, https:\/\/lotsarnastockholm.se\/wp-content\/uploads\/2021\/02\/Bild13-768x1046.jpg 768w, https:\/\/lotsarnastockholm.se\/wp-content\/uploads\/2021\/02\/Bild13.jpg 945w\" sizes=\"(max-width: 752px) 100vw, 752px\" \/><\/a><figcaption class=\"wp-element-caption\">M\u00e4sterlots<\/figcaption><\/figure>\n\n\n\n<figure class=\"wp-block-image size-large\"><a href=\"http:\/\/lotsarnastockholm.se\/wp-content\/uploads\/2021\/02\/Bild6.jpg\"><img loading=\"lazy\" decoding=\"async\" width=\"945\" height=\"737\" src=\"http:\/\/lotsarnastockholm.se\/wp-content\/uploads\/2021\/02\/Bild6.jpg\" alt=\"\" class=\"wp-image-1985\" srcset=\"https:\/\/lotsarnastockholm.se\/wp-content\/uploads\/2021\/02\/Bild6.jpg 945w, https:\/\/lotsarnastockholm.se\/wp-content\/uploads\/2021\/02\/Bild6-300x234.jpg 300w, https:\/\/lotsarnastockholm.se\/wp-content\/uploads\/2021\/02\/Bild6-768x599.jpg 768w\" sizes=\"(max-width: 945px) 100vw, 945px\" \/><\/a><figcaption class=\"wp-element-caption\">Kragemblem Lots<\/figcaption><\/figure>\n\n\n\n<figure class=\"wp-block-image size-large\"><a href=\"http:\/\/lotsarnastockholm.se\/wp-content\/uploads\/2021\/02\/Bild14.jpg\"><img loading=\"lazy\" decoding=\"async\" width=\"945\" height=\"462\" src=\"http:\/\/lotsarnastockholm.se\/wp-content\/uploads\/2021\/02\/Bild14.jpg\" alt=\"\" class=\"wp-image-1986\" srcset=\"https:\/\/lotsarnastockholm.se\/wp-content\/uploads\/2021\/02\/Bild14.jpg 945w, https:\/\/lotsarnastockholm.se\/wp-content\/uploads\/2021\/02\/Bild14-300x147.jpg 300w, https:\/\/lotsarnastockholm.se\/wp-content\/uploads\/2021\/02\/Bild14-768x375.jpg 768w\" sizes=\"(max-width: 945px) 100vw, 945px\" \/><\/a><figcaption class=\"wp-element-caption\">M\u00f6ssknapp<\/figcaption><\/figure>\n\n\n\n<figure class=\"wp-block-image size-large\"><a href=\"http:\/\/lotsarnastockholm.se\/wp-content\/uploads\/2021\/02\/Bild15.jpg\"><img loading=\"lazy\" decoding=\"async\" width=\"945\" height=\"397\" src=\"http:\/\/lotsarnastockholm.se\/wp-content\/uploads\/2021\/02\/Bild15.jpg\" alt=\"\" class=\"wp-image-1987\" srcset=\"https:\/\/lotsarnastockholm.se\/wp-content\/uploads\/2021\/02\/Bild15.jpg 945w, https:\/\/lotsarnastockholm.se\/wp-content\/uploads\/2021\/02\/Bild15-300x126.jpg 300w, https:\/\/lotsarnastockholm.se\/wp-content\/uploads\/2021\/02\/Bild15-768x323.jpg 768w\" sizes=\"(max-width: 945px) 100vw, 945px\" \/><\/a><figcaption class=\"wp-element-caption\">Uniformsknapp<\/figcaption><\/figure>\n\n\n\n<figure class=\"wp-block-gallery has-nested-images columns-default is-cropped wp-block-gallery-1 is-layout-flex wp-block-gallery-is-layout-flex\">\n<figure class=\"wp-block-image size-large\"><a href=\"https:\/\/lotsarnastockholm.se\/wp-content\/uploads\/2021\/02\/Bild19.jpg\"><img loading=\"lazy\" decoding=\"async\" width=\"945\" height=\"492\" data-id=\"1988\" src=\"https:\/\/lotsarnastockholm.se\/wp-content\/uploads\/2021\/02\/Bild19.jpg\" alt=\"\" class=\"wp-image-1988\" srcset=\"https:\/\/lotsarnastockholm.se\/wp-content\/uploads\/2021\/02\/Bild19.jpg 945w, https:\/\/lotsarnastockholm.se\/wp-content\/uploads\/2021\/02\/Bild19-300x156.jpg 300w, https:\/\/lotsarnastockholm.se\/wp-content\/uploads\/2021\/02\/Bild19-768x400.jpg 768w\" sizes=\"(max-width: 945px) 100vw, 945px\" \/><\/a><figcaption class=\"wp-element-caption\">\u00d6verlots\/ &nbsp;Lotsf\u00f6rman Ovanf\u00f6r galonerna p\u00e5 \u00e4rmen<\/figcaption><\/figure>\n<\/figure>\n\n\n\n<p><\/p>\n","protected":false},"excerpt":{"rendered":"<p>Uniform och gradbeteckningar likt flottan I \u00e4ldre tider var lotsarna kl\u00e4dda som befolkningen i \u00f6vrigt. Det fanns allts\u00e5 ingen s\u00e4rskild lotsuniform. \u00c5r 1798 framst\u00e4llde Amiralitetet en \u00f6nskan om n\u00e5gon form av legitimering. D\u00e5 stadgades i den nya lotsf\u00f6rordningen att lotsarna skulle b\u00e4ra en oval m\u00e4ssingsbricka med stiliserat ankare och krona. Inskriptionen var KRONOLOTS. Sextiotre \u00e5r&hellip; <a class=\"more-link\" href=\"https:\/\/lotsarnastockholm.se\/index.php\/uniformer\/\">Forts\u00e4tt l\u00e4sa <span class=\"screen-reader-text\">Uniformer<\/span><\/a><\/p>\n","protected":false},"author":1,"featured_media":2082,"parent":0,"menu_order":0,"comment_status":"closed","ping_status":"closed","template":"","meta":{"footnotes":""},"class_list":["post-1968","page","type-page","status-publish","has-post-thumbnail","hentry","entry"],"_links":{"self":[{"href":"https:\/\/lotsarnastockholm.se\/index.php\/wp-json\/wp\/v2\/pages\/1968","targetHints":{"allow":["GET"]}}],"collection":[{"href":"https:\/\/lotsarnastockholm.se\/index.php\/wp-json\/wp\/v2\/pages"}],"about":[{"href":"https:\/\/lotsarnastockholm.se\/index.php\/wp-json\/wp\/v2\/types\/page"}],"author":[{"embeddable":true,"href":"https:\/\/lotsarnastockholm.se\/index.php\/wp-json\/wp\/v2\/users\/1"}],"replies":[{"embeddable":true,"href":"https:\/\/lotsarnastockholm.se\/index.php\/wp-json\/wp\/v2\/comments?post=1968"}],"version-history":[{"count":11,"href":"https:\/\/lotsarnastockholm.se\/index.php\/wp-json\/wp\/v2\/pages\/1968\/revisions"}],"predecessor-version":[{"id":6257,"href":"https:\/\/lotsarnastockholm.se\/index.php\/wp-json\/wp\/v2\/pages\/1968\/revisions\/6257"}],"wp:featuredmedia":[{"embeddable":true,"href":"https:\/\/lotsarnastockholm.se\/index.php\/wp-json\/wp\/v2\/media\/2082"}],"wp:attachment":[{"href":"https:\/\/lotsarnastockholm.se\/index.php\/wp-json\/wp\/v2\/media?parent=1968"}],"curies":[{"name":"wp","href":"https:\/\/api.w.org\/{rel}","templated":true}]}}