{"id":1946,"date":"2021-01-31T17:17:14","date_gmt":"2021-01-31T15:17:14","guid":{"rendered":"http:\/\/lotsarnastockholm.se\/?page_id=1946"},"modified":"2023-04-01T20:31:26","modified_gmt":"2023-04-01T19:31:26","slug":"lotsplatser-1820","status":"publish","type":"page","link":"https:\/\/lotsarnastockholm.se\/index.php\/lotsplatser-1820\/","title":{"rendered":"Lotsplatser 1820"},"content":{"rendered":"\n<p class=\"has-text-align-center\"><strong>Kongl. Maj:ts N\u00e5diga F\u00f6rordning<\/strong><\/p>\n\n\n\n<p class=\"has-text-align-center\"><strong>Ang\u00e5ende<\/strong><\/p>\n\n\n\n<p class=\"has-text-align-center\"><strong>Lots och B\u00e5t inr\u00e4ttningen i Riket<\/strong><\/p>\n\n\n\n<p class=\"has-text-align-center\"><strong>Gifwen Stockholms slott den 20 juni 1820<\/strong><\/p>\n\n\n\n<p><strong>Lots-Districterne Lots-F\u00f6rdelningarne och Lotsplatserne i Riket<\/strong><\/p>\n\n\n\n<ul class=\"wp-block-list\">\n<li>Norra lotsdistrictet\n<ul class=\"wp-block-list\">\n<li>Lule\u00e5 F\u00f6rdelning\n<ul class=\"wp-block-list\">\n<li>Berghamn<\/li>\n\n\n\n<li>Br\u00e4ndsk\u00e4r<\/li>\n\n\n\n<li>Lule\u00e5<\/li>\n\n\n\n<li>R\u00f6dkall<\/li>\n\n\n\n<li>Stor Rebben<\/li>\n\n\n\n<li>Pite\u00e5<\/li>\n\n\n\n<li>R\u00f6nsk\u00e4r<\/li>\n\n\n\n<li>Rommels\u00f6<\/li>\n\n\n\n<li>Skelleften\u00e4s eller G\u00e5s\u00f6ren<\/li>\n\n\n\n<li>W\u00e5n\u00f6ra<\/li>\n\n\n\n<li>Kallwiken<\/li>\n\n\n\n<li>W\u00e4nnsk\u00e4r<\/li>\n\n\n\n<li>Ratan<\/li>\n<\/ul>\n<\/li>\n\n\n\n<li>Ume\u00e5 F\u00f6rdelning\n<ul class=\"wp-block-list\">\n<li>Holm\u00f6<\/li>\n\n\n\n<li>Bredsk\u00e4r<\/li>\n\n\n\n<li>Ume\u00e5<\/li>\n\n\n\n<li>J\u00e4rn\u00e4s udd<\/li>\n\n\n\n<li>Skagen<\/li>\n\n\n\n<li>Ulf\u00f6n<\/li>\n\n\n\n<li>Barsta<\/li>\n\n\n\n<li>Hern\u00f6sand<\/li>\n\n\n\n<li>\u00c5stholm eller Tynder\u00f6sund<\/li>\n\n\n\n<li>Sundswall<\/li>\n\n\n\n<li>Brem\u00f6n<\/li>\n<\/ul>\n<\/li>\n\n\n\n<li>\u00d6regrunds F\u00f6rdelning\n<ul class=\"wp-block-list\">\n<li>Bols\u00f6n<\/li>\n\n\n\n<li>Huddikswall<\/li>\n\n\n\n<li>Ag\u00f6n eller Kr\u00e5kesund<\/li>\n\n\n\n<li>S\u00f6derhamn<\/li>\n\n\n\n<li>Stor Jungfrun<\/li>\n\n\n\n<li>G\u00e5sholma<\/li>\n\n\n\n<li>Gefle<\/li>\n\n\n\n<li>\u00d6rsk\u00e4r<\/li>\n\n\n\n<li>\u00d6regrund<\/li>\n\n\n\n<li>M\u00e5sesten<\/li>\n\n\n\n<li>Grisslehamn<\/li>\n<\/ul>\n<\/li>\n\n\n\n<li>Stockholms F\u00f6rdelning\n<ul class=\"wp-block-list\">\n<li>Arholma<\/li>\n\n\n\n<li>Tjock\u00f6<\/li>\n\n\n\n<li>S\u00f6derarmen<\/li>\n\n\n\n<li>Furusund<\/li>\n\n\n\n<li>Waxholm<\/li>\n\n\n\n<li>Stockholm<\/li>\n\n\n\n<li>S\u00f6dertelje<\/li>\n\n\n\n<li>Husar\u00f6<\/li>\n\n\n\n<li>Swenska H\u00f6garne<\/li>\n\n\n\n<li>Sandhamn<\/li>\n\n\n\n<li>Berghamn<\/li>\n\n\n\n<li>Dalar\u00f6<\/li>\n\n\n\n<li>Landsort<\/li>\n\n\n\n<li>H\u00e4rhamra<\/li>\n<\/ul>\n<\/li>\n\n\n\n<li>Norrk\u00f6pings f\u00f6rdelning\n<ul class=\"wp-block-list\">\n<li>Lacka<\/li>\n\n\n\n<li>S\u00e4fwesund<\/li>\n\n\n\n<li>Djupsundet vid Harts\u00f6<\/li>\n\n\n\n<li>Fr\u00e5n Sj\u00f6n vid H\u00e4fringe<\/li>\n\n\n\n<li>Al\u00f6fj\u00e4rden vid Oxel\u00f6sund utom Gr\u00e4ssk\u00e4ren<\/li>\n\n\n\n<li>Oxel\u00f6sund<\/li>\n\n\n\n<li>Norrk\u00f6ping<\/li>\n\n\n\n<li>Gr\u00e4ns\u00f6<\/li>\n\n\n\n<li>Ark\u00f6<\/li>\n\n\n\n<li>Bar\u00f6sund wid Kettel\u00f6<\/li>\n\n\n\n<li>S\u00f6derk\u00f6ping<\/li>\n\n\n\n<li>H\u00e4radsk\u00e4r fr\u00e5n Sj\u00f6n<\/li>\n\n\n\n<li>Harstena<\/li>\n\n\n\n<li>Bok\u00f6<\/li>\n<\/ul>\n<\/li>\n<\/ul>\n<\/li>\n\n\n\n<li>S\u00f6dra Lots Districtet\n<ul class=\"wp-block-list\">\n<li>Westerwiks f\u00f6rdelning\n<ul class=\"wp-block-list\">\n<li>Torr\u00f6<\/li>\n\n\n\n<li>Stedsholmen<\/li>\n\n\n\n<li>Id\u00f6sund<\/li>\n\n\n\n<li>Sp\u00e5rr\u00f6sund<\/li>\n\n\n\n<li>Westerwik<\/li>\n\n\n\n<li>\u00c5r\u00f6<\/li>\n\n\n\n<li>Kr\u00e5kelund<\/li>\n\n\n\n<li>Strup\u00f6<\/li>\n<\/ul>\n<\/li>\n\n\n\n<li>Calmare F\u00f6rdelning\n<ul class=\"wp-block-list\">\n<li>W\u00e5ll\u00f6<\/li>\n\n\n\n<li>D\u00f6derhultswik<\/li>\n\n\n\n<li>Figeholm<\/li>\n\n\n\n<li>M\u00f6nster\u00e5s<\/li>\n\n\n\n<li>Pataholm<\/li>\n\n\n\n<li>Sk\u00e4ggan\u00e4s<\/li>\n\n\n\n<li>Calmar<\/li>\n\n\n\n<li>Borghamn<\/li>\n\n\n\n<li>\u00d6lands norra udde<\/li>\n\n\n\n<li>Degerhamn<\/li>\n\n\n\n<li>K\u00e5rholmen<\/li>\n\n\n\n<li>Gr\u00e4sg\u00e5rdshamn<\/li>\n\n\n\n<li>Bergquara<\/li>\n<\/ul>\n<\/li>\n\n\n\n<li>Carlskrona F\u00f6rdelning\n<ul class=\"wp-block-list\">\n<li>Christianopel<\/li>\n\n\n\n<li>Orran\u00e4s<\/li>\n\n\n\n<li>L\u00e5ng\u00f6ren<\/li>\n\n\n\n<li>Sandhamn<\/li>\n\n\n\n<li>Stenshamn eller Inl\u00e4ngan<\/li>\n\n\n\n<li>Ungsk\u00e4r<\/li>\n\n\n\n<li>H\u00e4stholmen<\/li>\n\n\n\n<li>Asp\u00f6<\/li>\n\n\n\n<li>Carlscrona<\/li>\n\n\n\n<li>Arp\u00f6<\/li>\n\n\n\n<li>G\u00f6kalf<\/li>\n\n\n\n<li>Matwik<\/li>\n\n\n\n<li>Carlshamn<\/li>\n\n\n\n<li>Pugawik<\/li>\n\n\n\n<li>Han\u00f6<\/li>\n\n\n\n<li>S\u00f6lfwitsborg<\/li>\n<\/ul>\n<\/li>\n\n\n\n<li>Malm\u00f6 F\u00f6rdelning\n<ul class=\"wp-block-list\">\n<li>\u00c5hus<\/li>\n\n\n\n<li>Land\u00f6hamn<\/li>\n\n\n\n<li>Ystad<\/li>\n\n\n\n<li>Skan\u00f6r<\/li>\n\n\n\n<li>Malm\u00f6<\/li>\n\n\n\n<li>Landscrona<\/li>\n\n\n\n<li>Hwen<\/li>\n\n\n\n<li>Helsingborg<\/li>\n\n\n\n<li>Wiken<\/li>\n\n\n\n<li>H\u00f6gan\u00e4s<\/li>\n\n\n\n<li>Torekow eller Hallands W\u00e4der\u00f6<\/li>\n<\/ul>\n<\/li>\n\n\n\n<li>Gottlands f\u00f6rdelning\n<ul class=\"wp-block-list\">\n<li>Wisby<\/li>\n\n\n\n<li>Halshuk fr\u00e5n sj\u00f6n<\/li>\n\n\n\n<li>Uhr<\/li>\n\n\n\n<li>Lutterhorn<\/li>\n\n\n\n<li>F\u00e5r\u00f6sund norra gattet<\/li>\n\n\n\n<li>F\u00e5r\u00f6sund s\u00f6dra gattet<\/li>\n\n\n\n<li>Lergraf och Wallwik<\/li>\n\n\n\n<li>Kylley<\/li>\n\n\n\n<li>S:t Olofshamn<\/li>\n\n\n\n<li>Slitehamn<\/li>\n\n\n\n<li>Katthammarswik<\/li>\n\n\n\n<li>H\u00e5rwik<\/li>\n\n\n\n<li>Ljugarn<\/li>\n\n\n\n<li>Ronehamn<\/li>\n\n\n\n<li>Enewik<\/li>\n\n\n\n<li>Burswik<\/li>\n\n\n\n<li>Klintehamn<\/li>\n\n\n\n<li>Westergarn<\/li>\n<\/ul>\n<\/li>\n<\/ul>\n<\/li>\n\n\n\n<li>Westra Lots Districtet\n<ul class=\"wp-block-list\">\n<li>Onsala F\u00f6rdelning\n<ul class=\"wp-block-list\">\n<li>Halmstad<\/li>\n\n\n\n<li>Falkenberg<\/li>\n\n\n\n<li>Warberg<\/li>\n\n\n\n<li>Kongsbacka fj\u00e4rd<\/li>\n\n\n\n<li>Mal\u00f6hamnar<\/li>\n<\/ul>\n<\/li>\n\n\n\n<li>G\u00f6theborgs F\u00f6rdelning\n<ul class=\"wp-block-list\">\n<li>Rya<\/li>\n\n\n\n<li>Tistlarne<\/li>\n\n\n\n<li>Wr\u00e5ng\u00f6<\/li>\n\n\n\n<li>G\u00f6theborg<\/li>\n\n\n\n<li>Rifwefjord<\/li>\n\n\n\n<li>Winga fr\u00e5n Sj\u00f6n<\/li>\n\n\n\n<li>Kalfsund<\/li>\n\n\n\n<li>Fot\u00f6 fr\u00e5n Sj\u00f6n<\/li>\n\n\n\n<li>Bowik<\/li>\n\n\n\n<li>K\u00e4ppholmen<\/li>\n\n\n\n<li>R\u00f6r\u00f6<\/li>\n<\/ul>\n<\/li>\n\n\n\n<li>Marstrands F\u00f6rdelning\n<ul class=\"wp-block-list\">\n<li>R\u00f6rholmen eller L\u00e5ng\u00f6<\/li>\n\n\n\n<li>Marstrand<\/li>\n\n\n\n<li>H\u00e4ttan<\/li>\n\n\n\n<li>Stora Asker\u00f6n<\/li>\n\n\n\n<li>Uddewalla<\/li>\n\n\n\n<li>Kl\u00e4desholmen eller Wanholmen<\/li>\n\n\n\n<li>Kyrkesund<\/li>\n\n\n\n<li>Gr\u00f6nsk\u00e4r<\/li>\n\n\n\n<li>Moll\u00f6sund<\/li>\n\n\n\n<li>K\u00e4ring\u00f6<\/li>\n\n\n\n<li>Gullholmen<\/li>\n\n\n\n<li>Flatholmen eller Lysekil<\/li>\n\n\n\n<li>H\u00e5ll\u00f6 eller Sm\u00f6gen<\/li>\n\n\n\n<li>Kungshamn<\/li>\n<\/ul>\n<\/li>\n\n\n\n<li>Str\u00f6mstads F\u00f6rdelning\n<ul class=\"wp-block-list\">\n<li>Dyng\u00f6<\/li>\n\n\n\n<li>Warg eller W\u00e4der\u00f6arna<\/li>\n\n\n\n<li>Hafstenssund<\/li>\n\n\n\n<li>Rams\u00f6<\/li>\n\n\n\n<li>Koster<\/li>\n\n\n\n<li>Str\u00f6mstad<\/li>\n<\/ul>\n<\/li>\n<\/ul>\n<\/li>\n<\/ul>\n","protected":false},"excerpt":{"rendered":"<p>Kongl. Maj:ts N\u00e5diga F\u00f6rordning Ang\u00e5ende Lots och B\u00e5t inr\u00e4ttningen i Riket Gifwen Stockholms slott den 20 juni 1820 Lots-Districterne Lots-F\u00f6rdelningarne och Lotsplatserne i Riket<\/p>\n","protected":false},"author":1,"featured_media":0,"parent":0,"menu_order":0,"comment_status":"closed","ping_status":"closed","template":"","meta":{"footnotes":""},"class_list":["post-1946","page","type-page","status-publish","hentry","entry"],"_links":{"self":[{"href":"https:\/\/lotsarnastockholm.se\/index.php\/wp-json\/wp\/v2\/pages\/1946","targetHints":{"allow":["GET"]}}],"collection":[{"href":"https:\/\/lotsarnastockholm.se\/index.php\/wp-json\/wp\/v2\/pages"}],"about":[{"href":"https:\/\/lotsarnastockholm.se\/index.php\/wp-json\/wp\/v2\/types\/page"}],"author":[{"embeddable":true,"href":"https:\/\/lotsarnastockholm.se\/index.php\/wp-json\/wp\/v2\/users\/1"}],"replies":[{"embeddable":true,"href":"https:\/\/lotsarnastockholm.se\/index.php\/wp-json\/wp\/v2\/comments?post=1946"}],"version-history":[{"count":4,"href":"https:\/\/lotsarnastockholm.se\/index.php\/wp-json\/wp\/v2\/pages\/1946\/revisions"}],"predecessor-version":[{"id":5181,"href":"https:\/\/lotsarnastockholm.se\/index.php\/wp-json\/wp\/v2\/pages\/1946\/revisions\/5181"}],"wp:attachment":[{"href":"https:\/\/lotsarnastockholm.se\/index.php\/wp-json\/wp\/v2\/media?parent=1946"}],"curies":[{"name":"wp","href":"https:\/\/api.w.org\/{rel}","templated":true}]}}