{"id":1939,"date":"2021-01-31T14:49:42","date_gmt":"2021-01-31T12:49:42","guid":{"rendered":"http:\/\/lotsarnastockholm.se\/?page_id=1939"},"modified":"2025-12-16T18:00:59","modified_gmt":"2025-12-16T17:00:59","slug":"lotplatser","status":"publish","type":"page","link":"https:\/\/lotsarnastockholm.se\/index.php\/lotplatser\/","title":{"rendered":"Lotsplatser-\u00f6versikt"},"content":{"rendered":"\n<p>Organiserandet av lotsar och lotsplatser har skiftat or\u00e4kneliga g\u00e5nger genom \u00e5ren sen 1696 d\u00e5 det hela b\u00f6rjade i statlig regi. Svenska myndigheter har alltid haft en viss kl\u00e5fingrighet att omorganisera med ibland tvivelaktiga motiv likv\u00e4l som utfall. En st\u00f6rre orsak \u00e4r nog \u00e4nd\u00e5 att hamnar och lastageplatser kommit och g\u00e5tt under olika epoker. Fartygens storlekar och \u00f6kade djupg\u00e5ende har likas\u00e5 bidragit till att lotsplatser blivit obsoleta och m\u00e5st l\u00e4ggas ner eller att personalen fick flytta till annan plats. <\/p>\n\n\n\n<p>Den stora slakten skedde under hela 60-talet (se nedan) n\u00e4r lotsarna fick ut\u00f6ka sina lotsomr\u00e5den rej\u00e4lt och samtliga mindre platsers service flyttade till de st\u00f6rre orterna.<br>Ofta skedde personalens omflyttning inte vid en exakt tidpunkt utan det var en l\u00e5ngdragen process som ibland inte hade n\u00e5got datum f\u00f6r varken n\u00e4r det startade eller slutade. M\u00e5nga lotsar flyttade \u00e4ven mellan lotsplatser och uppbar olika grader som ex.vis lotsf\u00f6rman, lots\u00e5lderman, reservlots, lotskapten, lotsl\u00f6jtnant, \u00f6verlots, lotsdirekt\u00f6r osv osv. Titlarna har \u00e4ndrats och hemmah\u00f6righeten har skiftat fr\u00e5n att ha legat under amiralitet till att bli civilt.<\/p>\n\n\n\n<p>Djupdykningar i personalmatriklar fr\u00e5n de \u00e5r som g\u00e5r att hitta lite h\u00e4r och var i olika g\u00f6mmor och p\u00e5 antikvariat g\u00f6r att vi kan f\u00e5 en \u00f6gonblicksbild f\u00f6r vissa \u00e5rtal men sett \u00f6ver tid \u00e4r det sv\u00e5rt att f\u00e5 fram en exakt kronologisk ordning vad som har h\u00e4nt.<\/p>\n\n\n\n<p>Med detta sagt vill jag flagga f\u00f6r att det \u00e4r snudd p\u00e5 om\u00f6jligt att strukturera denna hemsida p\u00e5 ett s\u00e4tt som g\u00f6r att det g\u00e5r att f\u00f6lja i detalj vad som h\u00e4nt och jag ber \u00f6dmjukast bes\u00f6kare om \u00f6verseende f\u00f6r det.<\/p>\n\n\n\n<p>DISTRIKTEN och dess indelning under 1900 talet<\/p>\n\n\n\n<p>1 jan 1905<\/p>\n\n\n\n<ul class=\"wp-block-list\">\n<li><strong>\u00d6vre norra lotsdistriktet<\/strong> fr\u00e5n finska gr\u00e4nsen till Ulv\u00f6 i \u00c5ngermanland. (Kalix till \u00d6rnsk\u00f6ldsvik)<\/li>\n\n\n\n<li><strong>Nedre norra lotsdistriktet<\/strong> fr\u00e5n Ulv\u00f6 till \u00c5lands hav. (H\u00e4rn\u00f6sand- Svartklubben)<\/li>\n\n\n\n<li><strong>Mellersta lotsdistriktet <\/strong>fr\u00e5n Stockholm till Nyk\u00f6ping. (Arholma- Nyk\u00f6ping)<\/li>\n\n\n\n<li><strong>\u00d6stra lotsdistriktet<\/strong> fr\u00e5n Nyk\u00f6ping till Kristianopel.<\/li>\n\n\n\n<li><strong>S\u00f6dra  lotsdistriktet<\/strong> fr\u00e5n Kristianopel till Torekov.<\/li>\n\n\n\n<li><strong>V\u00e4stra lotsdistriktet<\/strong> fr\u00e5n Torekov till norska gr\u00e4nsen.<\/li>\n<\/ul>\n\n\n\n<p>1 juli 1970<\/p>\n\n\n\n<p>\u00d6vre norra<br>Nedre<br>Mellersta+ \u00d6stra<br>S\u00f6dra<br>V\u00e4stra<\/p>\n\n\n\n<p>1 jan 1982<\/p>\n\n\n\n<p>Norra (\u00d6vre och nedre norra) (Kalix-G\u00e4vle)<br>Mellersta (\u00c5lands hav +\u00d6stra) (Svartklubben-Kalmar)<br>S\u00f6dra (Karlskrona-Helsingborg)<br>V\u00e4stra (Halmstad- Nordkoster)<\/p>\n\n\n\n<p>1 jan 1988<\/p>\n\n\n\n<p>12 sj\u00f6trafikomr\u00e5den ersatte de fyra distrikten<\/p>\n\n\n\n<p>F\u00f6ljande platser lades ned under 1960 talet:<\/p>\n\n\n\n<p>R\u00f6nsk\u00e4r\/R\u00f6nnsk\u00e4rs Lotsplats<br>Ursvikens Lotsplats<br>H\u00e4rn\u00f6sands Lotsplats<br>Hern\u00f6\/H\u00e4rn\u00f6sand totalt<br>Ystads Lotsplats<br>Warberg\/Varbergs Lotsplats<br>Kungshamn \/ Sm\u00f6gens Lotsplats<br>H\u00e4radsk\u00e4rs Lotsplats<br>Kr\u00e5kelunds Lotsplats<br>S\u00f6lfwitsborg\/S\u00f6lvesborgs Lp<br>H\u00f6gan\u00e4s Lotsplats<br>\u00d6resunds Norra \/ H\u00f6gan\u00e4s totalt<br>Slitehamn\/Slit\u00f6\/Slite Lotsplats<br>Ronehamns Lp<br>Jernes\/J\u00e4rn\u00e4s Lotsplats<br>Ulf\u00f6n\/Ulv\u00f6 Lotsplats<br>G\u00e5sholma Lotsplats<br>Fagerviken Lotsplats<br>\u00d6regrunds Lotsplats<br>Dahlar\u00f6\/Dalar\u00f6 Lotsplats<br>S\u00e4fwesund\/S\u00e4v\u00f6sunds Lp<br>Norrk\u00f6pings Lotsplats<br>Id\u00f6sund \/ Id\u00f6 Lp<br>M\u00f6nster\u00e5s Lp<br>Bergquara\/Bergkvara Lotsplats<br>Asp\u00f6 Lotsplats<br>Ronneby lotsplats<br>G\u00f6kalv \/ Ronneby totalt<br>Cimbritshamn\/Simrishamns Lp<br>\u00d6resunds S\u00f6dra Lotsplats<br>Falkenbergs Lotsplats<br>Uddewalla\/Uddevalla Lotsplats<br>W\u00e4der\u00f6arna\/V\u00e4der\u00f6arnas Lp<br>F\u00e5r\u00f6sunds Lotsplats<br>Klint\u00f6\/Klintehamns Lp<br>W\u00e5n\u00f6ra\/Bjur\u00f6klubbs Lotsplats<br>Stockviken\/Stocka Lotsplats<br>Arck\u00f6\/Ark\u00f6 Lp<br>Limhamns\/Limbhamn Lotsplats<br>Ratans Lotsplats<br>St\u00e4dsholmen\/Stedsholmens Lp<br>Kylejs Lotsplats<br>Sk\u00e4ggen\u00e4s Lotsplats<br>R\u00e5\u00e5 Lotsplats<br>Burswik\/Burgsviks Lp<br>Salmis Lotsplats<br>T\u00f6re Lotsplats&nbsp;&nbsp;&nbsp;&nbsp;&nbsp;&nbsp;&nbsp;&nbsp;&nbsp;&nbsp;&nbsp;&nbsp;<br>Romels\u00f6 Lotsplats<br>L\u00e5ng\u00f6rens Lotsplats<br>\u00d6resunds Norra Lotsplats<br>K\u00e4ring\u00f6\/K\u00e4rring\u00f6 Lotsplats<br>HafstenssundHavstensunds Lp<\/p>\n\n\n\n<p><\/p>\n\n\n\n<p><\/p>\n","protected":false},"excerpt":{"rendered":"<p>Organiserandet av lotsar och lotsplatser har skiftat or\u00e4kneliga g\u00e5nger genom \u00e5ren sen 1696 d\u00e5 det hela b\u00f6rjade i statlig regi. Svenska myndigheter har alltid haft en viss kl\u00e5fingrighet att omorganisera med ibland tvivelaktiga motiv likv\u00e4l som utfall. En st\u00f6rre orsak \u00e4r nog \u00e4nd\u00e5 att hamnar och lastageplatser kommit och g\u00e5tt under olika epoker. Fartygens storlekar&hellip; <a class=\"more-link\" href=\"https:\/\/lotsarnastockholm.se\/index.php\/lotplatser\/\">Forts\u00e4tt l\u00e4sa <span class=\"screen-reader-text\">Lotsplatser-\u00f6versikt<\/span><\/a><\/p>\n","protected":false},"author":1,"featured_media":0,"parent":0,"menu_order":0,"comment_status":"closed","ping_status":"closed","template":"","meta":{"footnotes":""},"class_list":["post-1939","page","type-page","status-publish","hentry","entry"],"_links":{"self":[{"href":"https:\/\/lotsarnastockholm.se\/index.php\/wp-json\/wp\/v2\/pages\/1939","targetHints":{"allow":["GET"]}}],"collection":[{"href":"https:\/\/lotsarnastockholm.se\/index.php\/wp-json\/wp\/v2\/pages"}],"about":[{"href":"https:\/\/lotsarnastockholm.se\/index.php\/wp-json\/wp\/v2\/types\/page"}],"author":[{"embeddable":true,"href":"https:\/\/lotsarnastockholm.se\/index.php\/wp-json\/wp\/v2\/users\/1"}],"replies":[{"embeddable":true,"href":"https:\/\/lotsarnastockholm.se\/index.php\/wp-json\/wp\/v2\/comments?post=1939"}],"version-history":[{"count":10,"href":"https:\/\/lotsarnastockholm.se\/index.php\/wp-json\/wp\/v2\/pages\/1939\/revisions"}],"predecessor-version":[{"id":7524,"href":"https:\/\/lotsarnastockholm.se\/index.php\/wp-json\/wp\/v2\/pages\/1939\/revisions\/7524"}],"wp:attachment":[{"href":"https:\/\/lotsarnastockholm.se\/index.php\/wp-json\/wp\/v2\/media?parent=1939"}],"curies":[{"name":"wp","href":"https:\/\/api.w.org\/{rel}","templated":true}]}}