{"id":1893,"date":"2021-01-30T21:56:20","date_gmt":"2021-01-30T19:56:20","guid":{"rendered":"http:\/\/lotsarnastockholm.se\/?page_id=1893"},"modified":"2023-12-12T12:30:57","modified_gmt":"2023-12-12T11:30:57","slug":"lotsforordning-1820","status":"publish","type":"page","link":"https:\/\/lotsarnastockholm.se\/index.php\/lotsforordning-1820\/","title":{"rendered":"1820 Lotsf\u00f6rordning"},"content":{"rendered":"\n<p><strong>Artikel II<\/strong><\/p>\n\n\n\n<p><strong>Om Lotsars skyldigheter, r\u00e4ttigheter och f\u00f6rm\u00e5ner samt om lotshemman<\/strong><\/p>\n\n\n\n<p>\u00a717 En lots b\u00f6r k\u00e4nna alla till platsen h\u00f6rande farleder, hamnar och ankars\u00e4ttningar, deras beskaffenhet, beqw\u00e4mligher och djup, landets utseende om dagen och natten samt de olika course eller compass streck som b\u00f6ra f\u00f6ljas, s\u00e5 att han icke allenast p\u00e5 ljusa dagen under klar luft och \u00f6ppen wind, utan ocks\u00e5 nattetid eller under sj\u00f6m\u00f6rker, samt genom kryssning, d\u00e5 motvind intr\u00e4ffar, med s\u00e4kerhet m\u00e5 kunna ledsaga det honom anf\u00f6rtrodde fartyg.<\/p>\n\n\n\n<p>Om alla, icke allenast n\u00e4ra leden bel\u00e4gna, utan ocks\u00e5 f\u00f6r kryssning hinderliga underwattens grund, deras m\u00e4rken, str\u00e4ckning och djup, b\u00f6r han \u00e4fwen d\u00e5 prickar saknas, m\u00e5 kunna akta sig f\u00f6r dem och weta huru n\u00e4ra de kunna tagas.<\/p>\n\n\n\n<p>En lots m\u00e5ste ocks\u00e5 weta huru man med fartyg af olika tackling b\u00f6r manueuvrera under segling, w\u00e4ndning till segels eller till ankars g\u00e5ende, wid warpning eller f\u00f6rt\u00f6jning samt om str\u00f6m finnes, huru den \u00e4r beskaffad och hwad d\u00e4rwid \u00e4r att iakttaga.<\/p>\n\n\n\n<p>\u00a721. Lots b\u00f6r i tjenstg\u00f6ring wara f\u00f6rsedd med bricka af messing som b\u00e4res p\u00e5 br\u00f6stet, betecknad med krona och underskrift Krono Lots, till utm\u00e4rkande att han \u00e4r beh\u00f6rig Lots. Utom denna bricka medtages alltid den i 16 \u00a7 anbefallte tryckte Lotsningsdagbok s\u00e5 w\u00e4l som tryckta blanquetter till qwittence f\u00f6r erh\u00e5llne lotspenningar.<\/p>\n\n\n\n<p>\u00a726 Lots som wid ankomsten till fartyg finnes af starka drycker \u00f6fwerlastad plikte sex riksdaler trettiotv\u00e5 shilling f\u00f6rsta g\u00e5ngen. Denna plikt f\u00f6rdubblas andra g\u00e5ngen, men tredje g\u00e5ngen lots dermed betr\u00e4des skall han fr\u00e5n tjensterullan utstrykas<\/p>\n\n\n\n<p>\u00a730 Den lots som af okunnighet, w\u00e5rdsl\u00f6shet eller oredigt f\u00f6rh\u00e5llande under sin tilltr\u00e4dde lotsning s\u00e4tter fartyget \u00e5 grund, det m\u00e5 wara krono eller privat fartyg skall oaktat ingen skada derigenom h\u00e4nder, plikta f\u00f6rsta g\u00e5ngen med f\u00e4ngelse wid watten och br\u00f6d fr\u00e5n \u00e5tta till sexton dagar, men andra g\u00e5ngen med tjenstens f\u00f6rlust. Sker skada b\u00f6r lotsen dessutom straffas med arbete \u00e5 f\u00e4stning fr\u00e5n tre m\u00e5nader till ett \u00e5r, efter domarens pr\u00f6vning och erl\u00e4gga ensamt den ers\u00e4ttning som p\u00e5 samma grund med hwad i 18\u00a7 stadgar efter allm\u00e4n lag kan blifwa honom \u00e5d\u00f6md. Sker sj\u00f6skada eljest under lotsning dock utan lotsens f\u00f6rw\u00e5llande s\u00e5 \u00e4r lotsen fri fr\u00e5n allt answar. \u00c4fwenledes \u00e5ligge lotsen att st\u00e4lla sig till noga efterr\u00e4ttelse hwad f\u00f6rfattningen mot lurendr\u00e4geri och tullf\u00f6rsnillning samt Seglations Ordningen f\u00f6reskrifwa.<\/p>\n\n\n\n<div data-wp-interactive=\"core\/file\" class=\"wp-block-file\"><object data-wp-bind--hidden=\"!state.hasPdfPreview\" hidden class=\"wp-block-file__embed\" data=\"https:\/\/lotsarnastockholm.se\/wp-content\/uploads\/2023\/12\/Forordning-1820.pdf\" type=\"application\/pdf\" style=\"width:100%;height:600px\" aria-label=\"Inb\u00e4ddning av Forordning-1820.\"><\/object><a id=\"wp-block-file--media-56ca4fec-bb6b-4708-98dd-826cbde235f8\" href=\"https:\/\/lotsarnastockholm.se\/wp-content\/uploads\/2023\/12\/Forordning-1820.pdf\">Forordning-1820<\/a><a href=\"https:\/\/lotsarnastockholm.se\/wp-content\/uploads\/2023\/12\/Forordning-1820.pdf\" class=\"wp-block-file__button wp-element-button\" download aria-describedby=\"wp-block-file--media-56ca4fec-bb6b-4708-98dd-826cbde235f8\">Ladda ner<\/a><\/div>\n\n\n\n<p class=\"has-text-align-center\"><\/p>\n","protected":false},"excerpt":{"rendered":"<p>Artikel II Om Lotsars skyldigheter, r\u00e4ttigheter och f\u00f6rm\u00e5ner samt om lotshemman \u00a717 En lots b\u00f6r k\u00e4nna alla till platsen h\u00f6rande farleder, hamnar och ankars\u00e4ttningar, deras beskaffenhet, beqw\u00e4mligher och djup, landets utseende om dagen och natten samt de olika course eller compass streck som b\u00f6ra f\u00f6ljas, s\u00e5 att han icke allenast p\u00e5 ljusa dagen under klar&hellip; <a class=\"more-link\" href=\"https:\/\/lotsarnastockholm.se\/index.php\/lotsforordning-1820\/\">Forts\u00e4tt l\u00e4sa <span class=\"screen-reader-text\">1820 Lotsf\u00f6rordning<\/span><\/a><\/p>\n","protected":false},"author":1,"featured_media":0,"parent":0,"menu_order":0,"comment_status":"closed","ping_status":"closed","template":"","meta":{"footnotes":""},"class_list":["post-1893","page","type-page","status-publish","hentry","entry"],"_links":{"self":[{"href":"https:\/\/lotsarnastockholm.se\/index.php\/wp-json\/wp\/v2\/pages\/1893","targetHints":{"allow":["GET"]}}],"collection":[{"href":"https:\/\/lotsarnastockholm.se\/index.php\/wp-json\/wp\/v2\/pages"}],"about":[{"href":"https:\/\/lotsarnastockholm.se\/index.php\/wp-json\/wp\/v2\/types\/page"}],"author":[{"embeddable":true,"href":"https:\/\/lotsarnastockholm.se\/index.php\/wp-json\/wp\/v2\/users\/1"}],"replies":[{"embeddable":true,"href":"https:\/\/lotsarnastockholm.se\/index.php\/wp-json\/wp\/v2\/comments?post=1893"}],"version-history":[{"count":3,"href":"https:\/\/lotsarnastockholm.se\/index.php\/wp-json\/wp\/v2\/pages\/1893\/revisions"}],"predecessor-version":[{"id":6091,"href":"https:\/\/lotsarnastockholm.se\/index.php\/wp-json\/wp\/v2\/pages\/1893\/revisions\/6091"}],"wp:attachment":[{"href":"https:\/\/lotsarnastockholm.se\/index.php\/wp-json\/wp\/v2\/media?parent=1893"}],"curies":[{"name":"wp","href":"https:\/\/api.w.org\/{rel}","templated":true}]}}