{"id":1846,"date":"2021-01-23T19:04:52","date_gmt":"2021-01-23T17:04:52","guid":{"rendered":"http:\/\/lotsarnastockholm.se\/?page_id=1846"},"modified":"2026-03-02T13:24:51","modified_gmt":"2026-03-02T12:24:51","slug":"smogens-lotsplats","status":"publish","type":"page","link":"https:\/\/lotsarnastockholm.se\/index.php\/smogens-lotsplats\/","title":{"rendered":"Sm\u00f6gen\/Kungshamn\/ H\u00e5ll\u00f6 Lotsplats"},"content":{"rendered":"\n<p>SM\u00d6GEN <a href=\"https:\/\/www.google.se\/maps\/place\/58%C2%B021'12.8%22N+11%C2%B013'28.7%22E\/@58.3535667,11.2224446,17z\/data=!3m1!4b1!4m4!3m3!8m2!3d58.3535667!4d11.2246333\">58\u00b0 21.214&#8242; N 11\u00b0 13.478&#8242; E<\/a><br>KUNGSHAMN <a href=\"https:\/\/www.google.se\/maps\/place\/58%C2%B021'36.1%22N+11%C2%B014'51.3%22E\/@58.3600333,11.2453946,17z\/data=!3m1!4b1!4m4!3m3!8m2!3d58.3600333!4d11.2475833\">58\u00b0 21.602&#8242; N 11\u00b0 14.855&#8242; E<\/a><br>H\u00c5LL\u00d6  <a href=\"https:\/\/www.google.se\/maps\/place\/58%C2%B020'02.0%22N+11%C2%B012'58.0%22E\/@58.3338833,11.213928,17z\/data=!3m1!4b1!4m4!3m3!8m2!3d58.3338833!4d11.2161167\">58\u00b0 20.033&#8242; N 11\u00b0 12.967&#8242; E<\/a><\/p>\n\n\n\n<figure class=\"wp-block-image size-large\"><a href=\"https:\/\/lotsarnastockholm.se\/wp-content\/uploads\/2021\/03\/smogens-1.jpg\"><img fetchpriority=\"high\" decoding=\"async\" width=\"1024\" height=\"666\" src=\"https:\/\/lotsarnastockholm.se\/wp-content\/uploads\/2021\/03\/smogens-1-1024x666.jpg\" alt=\"\" class=\"wp-image-2967\" srcset=\"https:\/\/lotsarnastockholm.se\/wp-content\/uploads\/2021\/03\/smogens-1-1024x666.jpg 1024w, https:\/\/lotsarnastockholm.se\/wp-content\/uploads\/2021\/03\/smogens-1-300x195.jpg 300w, https:\/\/lotsarnastockholm.se\/wp-content\/uploads\/2021\/03\/smogens-1-768x500.jpg 768w, https:\/\/lotsarnastockholm.se\/wp-content\/uploads\/2021\/03\/smogens-1-1536x1000.jpg 1536w, https:\/\/lotsarnastockholm.se\/wp-content\/uploads\/2021\/03\/smogens-1-1568x1020.jpg 1568w, https:\/\/lotsarnastockholm.se\/wp-content\/uploads\/2021\/03\/smogens-1.jpg 1993w\" sizes=\"(max-width: 1024px) 100vw, 1024px\" \/><\/a><\/figure>\n\n\n\n<figure class=\"wp-block-image size-large\"><a href=\"https:\/\/lotsarnastockholm.se\/wp-content\/uploads\/2022\/11\/Lotsutkik-old.jpg\"><img decoding=\"async\" width=\"1024\" height=\"1024\" src=\"https:\/\/lotsarnastockholm.se\/wp-content\/uploads\/2022\/11\/Lotsutkik-old-1024x1024.jpg\" alt=\"\" class=\"wp-image-3897\" srcset=\"https:\/\/lotsarnastockholm.se\/wp-content\/uploads\/2022\/11\/Lotsutkik-old-1024x1024.jpg 1024w, https:\/\/lotsarnastockholm.se\/wp-content\/uploads\/2022\/11\/Lotsutkik-old-300x300.jpg 300w, https:\/\/lotsarnastockholm.se\/wp-content\/uploads\/2022\/11\/Lotsutkik-old-150x150.jpg 150w, https:\/\/lotsarnastockholm.se\/wp-content\/uploads\/2022\/11\/Lotsutkik-old-768x768.jpg 768w, https:\/\/lotsarnastockholm.se\/wp-content\/uploads\/2022\/11\/Lotsutkik-old-1536x1536.jpg 1536w, https:\/\/lotsarnastockholm.se\/wp-content\/uploads\/2022\/11\/Lotsutkik-old-1568x1568.jpg 1568w, https:\/\/lotsarnastockholm.se\/wp-content\/uploads\/2022\/11\/Lotsutkik-old.jpg 1730w\" sizes=\"(max-width: 1024px) 100vw, 1024px\" \/><\/a><figcaption class=\"wp-element-caption\">Bild: Sm\u00f6gens Hembygdsf\u00f6rening<\/figcaption><\/figure>\n\n\n\n<figure class=\"wp-block-image size-full\"><a href=\"https:\/\/lotsarnastockholm.se\/wp-content\/uploads\/2022\/11\/Lotsutkiken-lo.jpg\"><img decoding=\"async\" width=\"928\" height=\"619\" src=\"https:\/\/lotsarnastockholm.se\/wp-content\/uploads\/2022\/11\/Lotsutkiken-lo.jpg\" alt=\"\" class=\"wp-image-3898\" srcset=\"https:\/\/lotsarnastockholm.se\/wp-content\/uploads\/2022\/11\/Lotsutkiken-lo.jpg 928w, https:\/\/lotsarnastockholm.se\/wp-content\/uploads\/2022\/11\/Lotsutkiken-lo-300x200.jpg 300w, https:\/\/lotsarnastockholm.se\/wp-content\/uploads\/2022\/11\/Lotsutkiken-lo-768x512.jpg 768w\" sizes=\"(max-width: 928px) 100vw, 928px\" \/><\/a><figcaption class=\"wp-element-caption\">Utkiken idag<\/figcaption><\/figure>\n\n\n\n<p>Sm\u00f6gen\/Kungshamn<\/p>\n\n\n\n<p>Sm\u00f6gens lotsplats tillkom tidigt 1700-tal och den nedlades 1 sept 1969 och personalen flyttade till Lysekils lotsplats.<\/p>\n\n\n\n<p>Enligt rulla 1729 Lotsar: Anders Larsson, Lars Larsson och Nils P\u00e4hrsson.<br>Extra lotsar J\u00f6ns Jacobsson och Sven Larsson<\/p>\n\n\n\n<p>Ur rulla 1736: ( Sm\u00f6gen och Kongshamn)<\/p>\n\n\n\n<p>Lots J\u00f6ns Jacobsson i tj\u00e4nst 1715<br>Lots Lars Olufsson i tj\u00e4nst 1733<br>Lots Hans Andersson i tj\u00e4nst 1735<br>Lotsdr\u00e4ng Lars Larsson i tj\u00e4nst 1735<br>Lotsdr\u00e4ng Anders J\u00f6nsson i tj\u00e4nst 1735<\/p>\n\n\n\n<p>I reglemente f\u00f6r Lotsverket 5\/4 1799 finns under rubriken Lotsplatsens namn n\u00e4mnt Kongshamn eller Sm\u00f6gen och att personalen bestod av 1 lots\u00e5lderman 2 ord lotsar, 3 utl\u00e4rda ordinarie lotsdr\u00e4ngar, 1 reservlotsdr\u00e4ng och 2 l\u00e4rlingar.<\/p>\n\n\n\n<p>I samma regl st\u00e5r: \u201d<em>Lotsarna uppassa vid H\u00e5ll\u00f6 emottaga fr\u00e5n sj\u00f6n att inlotsa m\u00f6ta vid Kongshamn at utlotsa til sj\u00f6ss, \u00e4fven til Lysekil til Dyng\u00f6\u201d<\/em><\/p>\n\n\n\n<p><em>\u201dI rulla p\u00e5 lotsbetj\u00e4ningen uti V\u00e4stra lotschefs districkt \u00e5r 1810-11-12. Lotsen Sven Persson f\u00f6dd 1775. Boningsplats Sm\u00f6gen, strandsittare, blev l\u00e4rling 1792, kronodr\u00e4ng 1870, ordinarie lots 1811. I \u00f6vrigt framg\u00e5r att denne Sven Persson \u00e4r uppasslig, f\u00f6rsvarlig kunskap, god fr\u00f6jd\u201d.<\/em><\/p>\n\n\n\n<p>Enligt rulla 1817:<br>Lots\u00e5lderman O Andersson<br>Ord. Lots H Larsson<br>Ord. Lotsdr\u00e4ng P Pehrsson, P Bengtsson och H Andersson<br>Reserv lotsdr\u00e4ng H Andersson<br>Lotsl\u00e4rling M Andersson och Chr. Andersson<\/p>\n\n\n\n<p>I rulla fr\u00e5n 1838-1847 meddelas. \u201d <em>Vid Kungshamns lpl d\u00e4r finns Hans Andersson f\u00f6dd 1780 bor uti eget hus p\u00e5 Sm\u00f6gen, har ej f\u00e5tt n\u00e5gon bestraffning eller anm\u00e4rkning, blev l\u00e4rling 31\/3 1812, second lots 28\/9 1820, m\u00e4sterlots 15\/4 1831.\u201d<\/em><\/p>\n\n\n\n<p>En av de mest k\u00e4nda lotsarna i Sm\u00f6gens lpl historia var Lars Larsson f\u00f6dd 16\/9 1816 som blev secondlots 1845 och \u00e5ret d\u00e4rp\u00e5 m\u00e4sterlots. Larsson kr\u00f6nte sin bana med att bli utn\u00e4mnd till lots\u00e5lderman vid Kungshamns lotsplats 1854. I vardagslag gick han dock under ben\u00e4mningen: \u201d<em>\u00c5lderman i Kilen<\/em>\u201d efter den plats d\u00e4r han bodde.<\/p>\n\n\n\n<p>I den m\u00e5n de ordinarie lotsarna inte hann med alla fartyg utnyttjade man ibland fiskare som \u201dreservlotsar\u201d. I rullorna kan man l\u00e4sa att fiskaren Olaus Gunnarsson (Gunnar anfader till sk\u00e4kten Gunnarsson p\u00e5 Sm\u00f6gen) f\u00f6dd p\u00e5 K\u00e4ring\u00f6n \u00e5r 1827 har erh\u00e5llit styrningssedel \u00bd 1845.<\/p>\n\n\n\n<p>I 1838-1847 \u00e5rs rulla finns en anm\u00e4rkning lydande \u201d<em>Samteliga lotsar vid denna lotsplats hafva sitt torfbr\u00e4nne samt ett \u00e1 tv\u00e5 lass h\u00f6 ifr\u00e5n H\u00e5ll\u00f6 hvarf\u00f6r Gymnasie-Stipendie-Kassan i G\u00f6teborg erh\u00e5ller 10 riksdaler banco \u00e5rligen. Dessutom utbetalar lotsverket till denna lotsplats \u00e5rligen uti jordskyld 7 RD sk Banco (Riksdaler skilling banco)<\/em>\u201d<\/p>\n\n\n\n<p>L\u00f6nen f\u00f6r en sekond lots var 1843 10 RD \u00e5rligen.<\/p>\n\n\n\n<p>Det \u00e4r sv\u00e5rt att veta n\u00e4r lotsplatsen flyttades fr\u00e5n Kungshamn till Sm\u00f6gen. Namnet p\u00e5 lotsstationen var n\u00e4mligen Kungshamns ls \u00e4nnu m\u00e5nga \u00e5r efter flytten till Sm\u00f6gen. Enligt tillg\u00e4ngliga uppgifter fr\u00e5n rullorna \u00e4r dock det troliga att en successiv \u00f6verg\u00e5ng har skett. Det finns dock en obekr\u00e4ftad kort anteckning i Sm\u00f6gens havsbads broschyr \u00e5r 1923 som anf\u00f6r \u201d<em> Lotsstationen f\u00f6rlades \u00e5r 1825 till Sm\u00f6gen. Lotsutkiken, de pr\u00e4ktiga lotsarna och deras tre motorb\u00e5tar utg\u00f6ra en stark dragningskraft p\u00e5 badg\u00e4sterna och det \u00e4r ej alldeles om\u00f6jligt att f\u00e5 medf\u00f6lja som passagerare p\u00e5 en lotstur till havs eller in\u00e5t fjordarna\u201d<\/em><\/p>\n\n\n\n<p>I ett bet\u00e4nkande \u201d <em>Om lotsv\u00e4sendets tillst\u00e5nd vid V\u00e4stkusten i b\u00f6rjan av 1800-talet\u201d skriven av professor Nathan Gerhard Schult\u00e9n \u00e5r 1805: Vid Sm\u00f6gens fiskel\u00e4ge innanf\u00f6r S\u00e4l\u00f6 b\u00e5k \u00e4ro trenne d\u00e5lige lotsar p\u00e5 ett otjenligt st\u00e4lle placerade. Kronan hyr emot en \u00e5rlig avgift af G\u00f6theborgs Gymnasieum en n\u00e5gorlunda stor \u00f6, H\u00e5ll\u00f6 som endast igenom ett smalt sund \u00e4r afskilt ifr\u00e5n b\u00e5klandet. Derp\u00e5 st\u00e5r ett af Kronan upbygt lotshus och d\u00e4r borde lotsarna bo. D\u00e4r finnes den ypperligaste b\u00e5thamn tillg\u00e5ng till friskt vatten och bete f\u00f6r n\u00e5gra creatur. Ifr\u00e5n H\u00e5ll\u00f6 kunna lotsarna komma ut i alla v\u00e4der, Ifr\u00e5n Smygen \u00e4r det inte m\u00f6jligt n\u00e4r vind och v\u00e5g ligga p\u00e5 landet, omst\u00e4ndigheter som precist intr\u00e4ffa n\u00e4r fartygen vilja s\u00f6ka hamn. N\u00e4r lotsarna flyttas till H\u00e5ll\u00f6 s\u00e5 blifva allra f\u00f6rst S\u00e4l\u00f6 B\u00e5k inloppen d\u00e4romkring och den f\u00f6rtr\u00e4ffelige Kungshamn f\u00f6r de sj\u00f6farande s\u00e5 nyttiga som de b\u00f6ra och kunna vara <\/em>\u201d.<\/p>\n\n\n\n<p>1878 och 1879: Ett nytt lotsuppassningshus byggdes.<\/p>\n\n\n\n<p>1884 Ny d\u00e4ckad lotsb\u00e5t<\/p>\n\n\n\n<p>Natten mellan den 5 och 6 dec 1911 hade lotsf\u00f6rman, 1 lots och en extra lots vid Sm\u00f6gen lotsplats samt uppsyningsman och b\u00e5tstyraren vid Sm\u00f6gens lifr\u00e4ddningsstation under d\u00e5 r\u00e5dande orkanlik storm utg\u00e5tt och l\u00e4mnat lotsbitr\u00e4de till finska barkskeppet ESMERALDA. F\u00f6r vid ifr\u00e5gavarande tillf\u00e4lle \u00e5 mod och framst\u00e5ende duglighet tillerk\u00e4nnes lotsf\u00f6rman som inlotsat fartyget till H\u00e5ll\u00f6 redd 40 kr och var och en av de \u00f6vriga 30 kr.<\/p>\n\n\n\n<p>B\u00e5tbest\u00e5nd 1920:<br>2 d\u00e4ckade kuttrar<br>1 Byggd 1903, ek, kravell, 11&#215;4.2, 16 hk Popul\u00e4r<br>2 Byggd 1901, ek,klink, 7.7&#215;3,&nbsp; 6 Hk Popul\u00e4r<\/p>\n\n\n\n<p>1 motorb\u00e5t byggd 1914, ek, klink, 6.4&#215;2.9 4 hk Popul\u00e4r<\/p>\n\n\n\n<p>Under \u00e5r 1935 uppf\u00f6rdes en ny lotsutkik och \u00e5ret d\u00e4rp\u00e5 ytterligare reparationsarbeten.<\/p>\n\n\n\n<p>1948 ombyggdes lotsutkiken<\/p>\n\n\n\n<p>Lotsar och b\u00e5tm\u00e4n vid Sm\u00f6gen och Kungshamns Lpl<\/p>\n\n\n\n<figure class=\"wp-block-table alignwide\"><table class=\"has-fixed-layout\"><tbody><tr><td><strong>Efternamn<\/strong><\/td><td><strong>F\u00f6rnamn<\/strong><\/td><td><strong>F\u00f6dd<\/strong><\/td><td>I<strong> Staten<\/strong><\/td><td><strong>B\u00e5tman<\/strong><\/td><td>L<strong>pl 1<\/strong><\/td><td><strong>\u00d6<\/strong><strong>vriga<\/strong><\/td><\/tr><tr><td>Andersson<\/td><td>H<\/td><td><\/td><td><\/td><td><\/td><td>Kungshamn<\/td><td><\/td><\/tr><tr><td>Larsson<\/td><td>Lars<\/td><td><\/td><td><\/td><td><\/td><td>Kungshamn<\/td><td>Sm\u00f6gen<\/td><\/tr><tr><td>Andersson<\/td><td>O<\/td><td><\/td><td><\/td><td><\/td><td>Sm\u00f6gen<\/td><td><\/td><\/tr><tr><td>Andersson<\/td><td>M<\/td><td><\/td><td><\/td><td><\/td><td>Sm\u00f6gen<\/td><td><\/td><\/tr><tr><td>Andersson<\/td><td>Chr<\/td><td><\/td><td><\/td><td><\/td><td>Sm\u00f6gen<\/td><td><\/td><\/tr><tr><td>Andersson<\/td><td>Anders<\/td><td><\/td><td><\/td><td><\/td><td>Sm\u00f6gen<\/td><td><\/td><\/tr><tr><td>Bengtsson<\/td><td>P<\/td><td><\/td><td><\/td><td><\/td><td>Sm\u00f6gen<\/td><td><\/td><\/tr><tr><td>Erichsson<\/td><td>Thomas<\/td><td><\/td><td><\/td><td><\/td><td>Sm\u00f6gen<\/td><td><\/td><\/tr><tr><td>Larsson<\/td><td>H<\/td><td><\/td><td><\/td><td><\/td><td>Sm\u00f6gen<\/td><td><\/td><\/tr><tr><td>Larsson<\/td><td>Lars<\/td><td><\/td><td><\/td><td><\/td><td>Kungshamn<\/td><td>Sm\u00f6gen<\/td><\/tr><tr><td>Larsson<\/td><td>Sven<\/td><td><\/td><td><\/td><td><\/td><td>Sm\u00f6gen<\/td><td><\/td><\/tr><tr><td>Larsson<\/td><td>Anders<\/td><td><\/td><td><\/td><td><\/td><td>Sm\u00f6gen<\/td><td><\/td><\/tr><tr><td>Nilsson<\/td><td>Lars<\/td><td><\/td><td><\/td><td><\/td><td>Sm\u00f6gen<\/td><td><\/td><\/tr><tr><td>Pehrsson<\/td><td>P<\/td><td><\/td><td><\/td><td><\/td><td>Sm\u00f6gen<\/td><td><\/td><\/tr><tr><td>P\u00e4hrsson<\/td><td>Nils<\/td><td><\/td><td><\/td><td><\/td><td>Sm\u00f6gen<\/td><td><\/td><\/tr><tr><td>P\u00e4rsson<\/td><td>Hans<\/td><td><\/td><td><\/td><td><\/td><td>Sm\u00f6gen<\/td><td><\/td><\/tr><tr><td>Jacobsson<\/td><td>J\u00f6ns<\/td><td><\/td><td>1715<\/td><td><\/td><td>Kungshamn<\/td><td>Sm\u00f6gen<\/td><\/tr><tr><td>Jacobsson<\/td><td>J\u00f6ns<\/td><td><\/td><td>1715<\/td><td><\/td><td>Kungshamn<\/td><td>Sm\u00f6gen<\/td><\/tr><tr><td>Olufsson<\/td><td>Lars<\/td><td><\/td><td>1733<\/td><td><\/td><td>Kungshamn<\/td><td>Sm\u00f6gen<\/td><\/tr><tr><td>Olufsson<\/td><td>Lars<\/td><td><\/td><td>1733<\/td><td><\/td><td>Kungshamn<\/td><td>Sm\u00f6gen<\/td><\/tr><tr><td>Andersson<\/td><td>Hans<\/td><td><\/td><td>1735<\/td><td><\/td><td>Kungshamn<\/td><td>Sm\u00f6gen<\/td><\/tr><tr><td>Jonsson<\/td><td>Anders<\/td><td><\/td><td>1735<\/td><td><\/td><td>Kungshamn<\/td><td>Sm\u00f6gen<\/td><\/tr><tr><td>Larsson<\/td><td>Lars<\/td><td><\/td><td>1735<\/td><td><\/td><td>Kungshamn<\/td><td><\/td><\/tr><tr><td>Andersson<\/td><td>Hans<\/td><td><\/td><td>1735<\/td><td><\/td><td>Kungshamn<\/td><td>Sm\u00f6gen<\/td><\/tr><tr><td>Jonsson<\/td><td>Anders<\/td><td><\/td><td>1735<\/td><td><\/td><td>Kungshamn<\/td><td>Sm\u00f6gen<\/td><\/tr><tr><td>Andersson<\/td><td>H<\/td><td>1770<\/td><td>1812<\/td><td><\/td><td>Sm\u00f6gen<\/td><td><\/td><\/tr><tr><td>Persson<\/td><td>Sven<\/td><td>1775<\/td><td>1792<\/td><td><\/td><td>Sm\u00f6gen<\/td><td><\/td><\/tr><tr><td>Andersson<\/td><td>H<\/td><td>1780<\/td><td>1812<\/td><td><\/td><td>Sm\u00f6gen<\/td><td><\/td><\/tr><tr><td>Larsson<\/td><td>Lars<\/td><td>1816<\/td><td><\/td><td><\/td><td>Sm\u00f6gen<\/td><td><\/td><\/tr><tr><td>Corneliusson<\/td><td>Olof<\/td><td>1833<\/td><td>1853<\/td><td><\/td><td>Kungshamn<\/td><td><\/td><\/tr><tr><td>Fyklund<\/td><td>August<\/td><td>1842<\/td><td>1873<\/td><td><\/td><td>Kungshamn<\/td><td>Sm\u00f6gen<\/td><\/tr><tr><td>Andersson<\/td><td>Johan<\/td><td>1843<\/td><td>1860<\/td><td><\/td><td>Kungshamn<\/td><td>Sm\u00f6gen<\/td><\/tr><tr><td>Andersson<\/td><td>Johannes<\/td><td>1848<\/td><td>1881<\/td><td><\/td><td>Kungshamn<\/td><td><\/td><\/tr><tr><td>Berndtsson<\/td><td>August<\/td><td>1849<\/td><td><\/td><td><\/td><td>Sm\u00f6gen<\/td><td><\/td><\/tr><tr><td>Berndtzen<\/td><td>August<\/td><td>1849<\/td><td>1876<\/td><td><\/td><td>Kungshamn<\/td><td>Sm\u00f6gen<\/td><\/tr><tr><td>Larsson<\/td><td>Per<\/td><td>1851<\/td><td>1864<\/td><td><\/td><td>Kungshamn<\/td><td><\/td><\/tr><tr><td>Larsson<\/td><td>Carl<\/td><td>1858<\/td><td>1875<\/td><td><\/td><td>Sm\u00f6gen<\/td><td>Lysekil\/Kungshamn<\/td><\/tr><tr><td>Andreasson<\/td><td>Carl<\/td><td>1859<\/td><td>1883<\/td><td><\/td><td>Kungshamn<\/td><td><\/td><\/tr><tr><td>Stranne<\/td><td>Olof<\/td><td>1871<\/td><td>1896<\/td><td><\/td><td>Sm\u00f6gen<\/td><td><\/td><\/tr><tr><td>Stranne<\/td><td>Victor<\/td><td>1873<\/td><td>1894<\/td><td><\/td><td>Sm\u00f6gen<\/td><td><\/td><\/tr><tr><td>Vern<\/td><td>Carl<\/td><td>1876<\/td><td>1902<\/td><td><\/td><td>Sm\u00f6gen<\/td><td><\/td><\/tr><tr><td>Flor\u00e9n<\/td><td>Erik<\/td><td>1878<\/td><td>1901<\/td><td><\/td><td>Sm\u00f6gen<\/td><td><\/td><\/tr><tr><td>Benjour<\/td><td>Axel<\/td><td>1884<\/td><td>1904<\/td><td><\/td><td>Sm\u00f6gen<\/td><td><\/td><\/tr><tr><td>Benjour<\/td><td>Carl<\/td><td>1891<\/td><td>1908<\/td><td><\/td><td>Sm\u00f6gen<\/td><td><\/td><\/tr><tr><td>Bredin<\/td><td>Olof<\/td><td>1893<\/td><td>1911<\/td><td><\/td><td>Sm\u00f6gen<\/td><td><\/td><\/tr><tr><td>P\u00e5lsson<\/td><td>Ivar<\/td><td>1897<\/td><td>1919<\/td><td><\/td><td>V\u00e4der\u00f6arna<\/td><td>Sm\u00f6gen<\/td><\/tr><tr><td>Eliasson<\/td><td>Adolf<\/td><td>1899<\/td><td>1918<\/td><td><\/td><td>Sm\u00f6gen<\/td><td><\/td><\/tr><tr><td>Stranne<\/td><td>Nils<\/td><td>1900<\/td><td>1912<\/td><td><\/td><td>Sm\u00f6gen<\/td><td><\/td><\/tr><tr><td>Stranne<\/td><td>Ludvig<\/td><td>1900<\/td><td>1919<\/td><td><\/td><td>Sm\u00f6gen<\/td><td><\/td><\/tr><tr><td>Stranne<\/td><td>Arne<\/td><td>1906<\/td><td>1925<\/td><td><\/td><td>Sm\u00f6gen<\/td><td>Lysekil<\/td><\/tr><tr><td>Stenman<\/td><td>Karl<\/td><td>1909<\/td><td>1961<\/td><td>1967-01-01<\/td><td>Sm\u00f6gen<\/td><td><\/td><\/tr><tr><td>Kyhlberg<\/td><td>Martin<\/td><td>1910<\/td><td>1940<\/td><td><\/td><td>Sm\u00f6gen<\/td><td>Lysekil<\/td><\/tr><tr><td>Kyhlberg<\/td><td>Bror<\/td><td>1915<\/td><td>1945<\/td><td><\/td><td>Havstenssund<\/td><td>Sm\u00f6gen\/Lysekil<\/td><\/tr><tr><td>Persson<\/td><td>Knut<\/td><td>1917<\/td><td>1950<\/td><td>1952-08-01<\/td><td>Sm\u00f6gen<\/td><td>Lysekil<\/td><\/tr><tr><td>Larsson<\/td><td>Per<\/td><td>1919<\/td><td>1939<\/td><td><\/td><td>Sm\u00f6gen<\/td><td>Lysekil<\/td><\/tr><tr><td>Bredin<\/td><td>Frank<\/td><td>1922<\/td><td>1952<\/td><td>1952-08-01<\/td><td>Sm\u00f6gen<\/td><td>Lysekil<\/td><\/tr><tr><td>Larsson<\/td><td>B\u00f6rje<\/td><td>1923<\/td><td>1949<\/td><td><\/td><td>Sm\u00f6gen<\/td><td>Lysekil<\/td><\/tr><tr><td>Kald\u00e9n<\/td><td>Carl-Olof<\/td><td>1934<\/td><td>1953<\/td><td><\/td><td>Sm\u00f6gen<\/td><td>Marstrand<\/td><\/tr><tr><td>Andersson<\/td><td>Bengt<\/td><td>1937<\/td><td>1963<\/td><td>1967-01-01<\/td><td>Sm\u00f6gen<\/td><td>Lysekil<\/td><\/tr><\/tbody><\/table><\/figure>\n","protected":false},"excerpt":{"rendered":"<p>SM\u00d6GEN 58\u00b0 21.214&#8242; N 11\u00b0 13.478&#8242; EKUNGSHAMN 58\u00b0 21.602&#8242; N 11\u00b0 14.855&#8242; EH\u00c5LL\u00d6 58\u00b0 20.033&#8242; N 11\u00b0 12.967&#8242; E Sm\u00f6gen\/Kungshamn Sm\u00f6gens lotsplats tillkom tidigt 1700-tal och den nedlades 1 sept 1969 och personalen flyttade till Lysekils lotsplats. Enligt rulla 1729 Lotsar: Anders Larsson, Lars Larsson och Nils P\u00e4hrsson.Extra lotsar J\u00f6ns Jacobsson och Sven Larsson Ur&hellip; <a class=\"more-link\" href=\"https:\/\/lotsarnastockholm.se\/index.php\/smogens-lotsplats\/\">Forts\u00e4tt l\u00e4sa <span class=\"screen-reader-text\">Sm\u00f6gen\/Kungshamn\/ H\u00e5ll\u00f6 Lotsplats<\/span><\/a><\/p>\n","protected":false},"author":1,"featured_media":0,"parent":0,"menu_order":0,"comment_status":"closed","ping_status":"closed","template":"","meta":{"footnotes":""},"class_list":["post-1846","page","type-page","status-publish","hentry","entry"],"_links":{"self":[{"href":"https:\/\/lotsarnastockholm.se\/index.php\/wp-json\/wp\/v2\/pages\/1846","targetHints":{"allow":["GET"]}}],"collection":[{"href":"https:\/\/lotsarnastockholm.se\/index.php\/wp-json\/wp\/v2\/pages"}],"about":[{"href":"https:\/\/lotsarnastockholm.se\/index.php\/wp-json\/wp\/v2\/types\/page"}],"author":[{"embeddable":true,"href":"https:\/\/lotsarnastockholm.se\/index.php\/wp-json\/wp\/v2\/users\/1"}],"replies":[{"embeddable":true,"href":"https:\/\/lotsarnastockholm.se\/index.php\/wp-json\/wp\/v2\/comments?post=1846"}],"version-history":[{"count":11,"href":"https:\/\/lotsarnastockholm.se\/index.php\/wp-json\/wp\/v2\/pages\/1846\/revisions"}],"predecessor-version":[{"id":7740,"href":"https:\/\/lotsarnastockholm.se\/index.php\/wp-json\/wp\/v2\/pages\/1846\/revisions\/7740"}],"wp:attachment":[{"href":"https:\/\/lotsarnastockholm.se\/index.php\/wp-json\/wp\/v2\/media?parent=1846"}],"curies":[{"name":"wp","href":"https:\/\/api.w.org\/{rel}","templated":true}]}}