{"id":1574,"date":"2021-01-23T10:06:32","date_gmt":"2021-01-23T08:06:32","guid":{"rendered":"http:\/\/lotsarnastockholm.se\/?page_id=1574"},"modified":"2021-02-02T01:08:44","modified_gmt":"2021-02-01T23:08:44","slug":"svenska-lotsplatser","status":"publish","type":"page","link":"https:\/\/lotsarnastockholm.se\/index.php\/svenska-lotsplatser\/","title":{"rendered":"Sveriges Lotsplatser 1940"},"content":{"rendered":"\n<p>Utdrag ur Sj\u00f6fartsverkets matrikel \u00f6ver personalen vid lotsverket<br><\/p>\n\n\n\n<p>16:e upplagan januari 1940<br>Stockholm <br>KI Beckmans Boktryckeri<\/p>\n\n\n\n<ul class=\"wp-block-list\"><li>\u00d6vre Norra Lotsdistriktet<ul><li>Salmis lotsplats.<\/li><\/ul><ul><li>Kalix lotsplats<\/li><\/ul><ul><li>Tore lotsplats<\/li><\/ul><ul><li>Lule\u00e5 lotsplats<\/li><\/ul><ul><li>R\u00f6nnsk\u00e4rs lotsplats<\/li><\/ul><ul><li>Romels\u00f6 lotsplats.<\/li><\/ul><ul><li>Ursvikens lotsplats.<\/li><\/ul><ul><li>Bjur\u00f6klubbs lotsplats.<\/li><\/ul><ul><li>Ratans lotsplats.<\/li><\/ul><ul><li>Bredsk\u00e4rs lotsplats.<\/li><\/ul><ul><li>J\u00e4rn\u00e4s lotsplats.<\/li><\/ul><ul><li>\u00d6rnsk\u00f6ldsviks lotsplats.<\/li><\/ul><ul><li>Ulv\u00f6 lotsplats.<br><br><\/li><\/ul><\/li><li>Nedre norra lotsdistriktet.<ul><li>H\u00e4rn\u00f6sands lotsplats.<\/li><\/ul><ul><li>Sundsvalls lotsplats.<\/li><\/ul><ul><li>Stocka lotsplats.<\/li><\/ul><ul><li>Hudiksvalls lotsplats.<\/li><\/ul><ul><li>Lill jungfruns lotsplats.<\/li><\/ul><ul><li>G\u00e5sholma lotsplats.<\/li><\/ul><ul><li>G\u00e4vle lotsplats.<\/li><\/ul><ul><li>Fagerviks lotsplats.<\/li><\/ul><ul><li>\u00d6regrunds lotsplats.<\/li><\/ul><ul><li>Svartklubbens lotsplats.<\/li><\/ul><\/li><\/ul>\n\n\n\n<ul class=\"wp-block-list\"><li>Mellersta Lotsdistriktet.<ul><li>Arholma lotsplats.<\/li><\/ul><ul><li>S\u00f6derarms lotsplats.<\/li><\/ul><ul><li>Furusunds lotsplats.<\/li><\/ul><ul><li>Sandhamns lotsplats.<\/li><\/ul><ul><li>Stockholms lotsplats.<\/li><\/ul><ul><li>M\u00e4larens lotsplats.<\/li><\/ul><ul><li>Dalar\u00f6 lotsplats.<\/li><\/ul><ul><li>Huvudsk\u00e4rs lotsplats.<\/li><\/ul><ul><li>Landsorts lotsplats.<\/li><\/ul><ul><li>S\u00e4v\u00f6sunds lotsplats.<\/li><\/ul><ul><li>Visby lotsplats.<\/li><\/ul><ul><li>F\u00e5r\u00f6sunds lotsplats.<\/li><\/ul><ul><li>Kyllejs lotsplats.<\/li><\/ul><ul><li>Slite lotsplats.<\/li><\/ul><ul><li>Ronehamns lotsplats.<\/li><\/ul><ul><li>Burgsviks lotsplats.<\/li><\/ul><ul><li>Klintehamns lotsplats.<\/li><\/ul><\/li><li>\u00d6stra lotsdistriktet.<ul><li>Oxel\u00f6sunds lotsplats<\/li><\/ul><ul><li>Norrk\u00f6pings lotsplats.<\/li><\/ul><ul><li>Ark\u00f6 lotsplats.<\/li><\/ul><ul><li>H\u00e4radsk\u00e4rs lotsplats.<\/li><\/ul><ul><li>Stedsholmens lotsplats.<\/li><\/ul><ul><li>Id\u00f6 lotsplats.<\/li><\/ul><ul><li>Kr\u00e5kelunds lotsplats.<\/li><\/ul><ul><li>Figeholms lotsplats<\/li><\/ul><ul><li>Oskarshamns lotsplats.<\/li><\/ul><ul><li>P\u00e5skallaviks lotsplats.<\/li><\/ul><ul><li>M\u00f6nster\u00e5s lotsplats.<\/li><\/ul><ul><li>Sk\u00e4ggen\u00e4s lotsplats.<\/li><\/ul><ul><li>Kalmar lotsplats.<\/li><\/ul><ul><li>Bergkvara lotsplats.<\/li><\/ul><\/li><li>S\u00f6dra lotsdistriktet.<ul><li>L\u00e5ng\u00f6rens lotsplats.<\/li><\/ul><ul><li>Asp\u00f6 lotsplats.<\/li><\/ul><ul><li>G\u00f6kalvs lotsplats.<\/li><\/ul><ul><li>Karlshamns lotsplats<\/li><\/ul><ul><li>S\u00f6lvesborgs lotsplats.<\/li><\/ul><ul><li>\u00c5hus lotsplats.<\/li><\/ul><ul><li>Simrishamns lotsplats.<\/li><\/ul><ul><li>Ystads lotsplats.<\/li><\/ul><ul><li>Trelleborgs lotsplats.<\/li><\/ul><ul><li>\u00d6resunds s\u00f6dra lotsplats.<\/li><\/ul><ul><li>Limhamns lots plats.<\/li><\/ul><ul><li>Malm\u00f6 lotsplats.<\/li><\/ul><ul><li>Landskrona lotsplats.<\/li><\/ul><ul><li>R\u00e5\u00e5 lotsplats.<\/li><\/ul><ul><li>H\u00e4lsingborgs lotsplats.<\/li><\/ul><ul><li>\u00d6resunds norra lotsplats.<\/li><\/ul><\/li><li>V\u00e4stra lotsdistriktet.<ul><li>Halmstads lotsplats.<\/li><\/ul><ul><li>Falkenbergs lotsplats.<\/li><\/ul><ul><li>Varbergs lotsplats.<\/li><\/ul><ul><li>Vinga lotsplats.<\/li><\/ul><ul><li>G\u00f6teborgs lotsplats.<\/li><\/ul><ul><li>Marstrands lotsplats.<\/li><\/ul><ul><li>Uddevalla lotsplats.<\/li><\/ul><ul><li>K\u00e4ring\u00f6ns lotsplats.<\/li><\/ul><ul><li>Lysekils lotsplats.<\/li><\/ul><ul><li>Sm\u00f6gens lotsplats.<\/li><\/ul><ul><li>V\u00e4der\u00f6arnas lotsplats.<\/li><\/ul><ul><li>Havstenssunds lotsplats.<\/li><\/ul><ul><li>Nordkosters lotsplats.<\/li><\/ul><ul><li>Str\u00f6mstads lotsplats<\/li><\/ul><\/li><\/ul>\n","protected":false},"excerpt":{"rendered":"<p>Utdrag ur Sj\u00f6fartsverkets matrikel \u00f6ver personalen vid lotsverket 16:e upplagan januari 1940Stockholm KI Beckmans Boktryckeri \u00d6vre Norra Lotsdistriktet Salmis lotsplats. Kalix lotsplats Tore lotsplats Lule\u00e5 lotsplats R\u00f6nnsk\u00e4rs lotsplats Romels\u00f6 lotsplats. Ursvikens lotsplats. Bjur\u00f6klubbs lotsplats. Ratans lotsplats. Bredsk\u00e4rs lotsplats. J\u00e4rn\u00e4s lotsplats. \u00d6rnsk\u00f6ldsviks lotsplats. Ulv\u00f6 lotsplats. Nedre norra lotsdistriktet. H\u00e4rn\u00f6sands lotsplats. Sundsvalls lotsplats. Stocka lotsplats. Hudiksvalls lotsplats.&hellip; <a class=\"more-link\" href=\"https:\/\/lotsarnastockholm.se\/index.php\/svenska-lotsplatser\/\">Forts\u00e4tt l\u00e4sa <span class=\"screen-reader-text\">Sveriges Lotsplatser 1940<\/span><\/a><\/p>\n","protected":false},"author":1,"featured_media":0,"parent":0,"menu_order":0,"comment_status":"closed","ping_status":"closed","template":"","meta":{"footnotes":""},"class_list":["post-1574","page","type-page","status-publish","hentry","entry"],"_links":{"self":[{"href":"https:\/\/lotsarnastockholm.se\/index.php\/wp-json\/wp\/v2\/pages\/1574","targetHints":{"allow":["GET"]}}],"collection":[{"href":"https:\/\/lotsarnastockholm.se\/index.php\/wp-json\/wp\/v2\/pages"}],"about":[{"href":"https:\/\/lotsarnastockholm.se\/index.php\/wp-json\/wp\/v2\/types\/page"}],"author":[{"embeddable":true,"href":"https:\/\/lotsarnastockholm.se\/index.php\/wp-json\/wp\/v2\/users\/1"}],"replies":[{"embeddable":true,"href":"https:\/\/lotsarnastockholm.se\/index.php\/wp-json\/wp\/v2\/comments?post=1574"}],"version-history":[{"count":6,"href":"https:\/\/lotsarnastockholm.se\/index.php\/wp-json\/wp\/v2\/pages\/1574\/revisions"}],"predecessor-version":[{"id":1966,"href":"https:\/\/lotsarnastockholm.se\/index.php\/wp-json\/wp\/v2\/pages\/1574\/revisions\/1966"}],"wp:attachment":[{"href":"https:\/\/lotsarnastockholm.se\/index.php\/wp-json\/wp\/v2\/media?parent=1574"}],"curies":[{"name":"wp","href":"https:\/\/api.w.org\/{rel}","templated":true}]}}