{"id":1502,"date":"2021-01-19T08:22:24","date_gmt":"2021-01-19T06:22:24","guid":{"rendered":"http:\/\/lotsarnastockholm.se\/?page_id=1502"},"modified":"2021-01-24T09:54:21","modified_gmt":"2021-01-24T07:54:21","slug":"sveriges-digitala-lotsmuseum","status":"publish","type":"page","link":"https:\/\/lotsarnastockholm.se\/index.php\/sveriges-digitala-lotsmuseum\/","title":{"rendered":"Sveriges Digitala Lotsmuseum"},"content":{"rendered":"\n<p>Denna hemsida har ambitionen att tillhandah\u00e5lla information om lotsning genom tiderna samt ge Er bes\u00f6kare m\u00f6jlighet att ta del av bl.a. skrifter om  Lotsverket och sedermera Sj\u00f6fartsverkets historia, lotsbarnskolor, kartering, sj\u00f6r\u00e4ddning, lotsb\u00e5tar, fyrar m.m.<\/p>\n\n\n\n<p>Under flikarna hittar Ni olika teman med skrifter som har digitaliserats och m\u00e5nga fotografier fr\u00e5n f\u00f6rr finns att besk\u00e5da.<\/p>\n\n\n\n<p>Hittills har det varit mest fokus kring Stockholm d\u00e4r Lotsverket startade 1696 och mycket har kretsat kring  dess omnejd men f\u00f6rhoppningen \u00e4r att sidan v\u00e4xer med flera flikar och underflikar med fler lotsplatser allteftersom material str\u00f6mmar in.<\/p>\n\n\n\n<p>Ett exempel p\u00e5 lite sp\u00e4nnande historia \u00e4r ett nyligen avslutat projekt som beskriver hur det gick till n\u00e4r AIS uppfanns.<\/p>\n\n\n\n<p>Benny Pettersson, en av lotsarna i Stockholm fick id\u00e9n f\u00f6r m\u00e5nga m\u00e5nga \u00e5r sedan och ett gediget arbete ligger bakom dess tillkomst, l\u00e4s nedan l\u00e4nk!<\/p>\n\n\n\n<div class=\"wp-block-file\"><a href=\"http:\/\/lotsarnastockholm.se\/wp-content\/uploads\/2021\/01\/AIS-pa-Swe.pdf\">S\u00e5 uppfanns AIS<\/a><a href=\"http:\/\/lotsarnastockholm.se\/wp-content\/uploads\/2021\/01\/AIS-pa-Swe.pdf\" class=\"wp-block-file__button\" download>Ladda ner<\/a><\/div>\n\n\n\n<p>H\u00f6r av Dig om Du har n\u00e5got sp\u00e4nnande som skulle passa in i denna milj\u00f6!<\/p>\n\n\n\n<p>H\u00e4lsar Ulf <br>fd Kronolots #22 i Stockholm<\/p>\n\n\n\n<p>maila till : Ulf.svedberg@pm.me<\/p>\n","protected":false},"excerpt":{"rendered":"<p>Denna hemsida har ambitionen att tillhandah\u00e5lla information om lotsning genom tiderna samt ge Er bes\u00f6kare m\u00f6jlighet att ta del av bl.a. skrifter om Lotsverket och sedermera Sj\u00f6fartsverkets historia, lotsbarnskolor, kartering, sj\u00f6r\u00e4ddning, lotsb\u00e5tar, fyrar m.m. Under flikarna hittar Ni olika teman med skrifter som har digitaliserats och m\u00e5nga fotografier fr\u00e5n f\u00f6rr finns att besk\u00e5da. Hittills har&hellip; <a class=\"more-link\" href=\"https:\/\/lotsarnastockholm.se\/index.php\/sveriges-digitala-lotsmuseum\/\">Forts\u00e4tt l\u00e4sa <span class=\"screen-reader-text\">Sveriges Digitala Lotsmuseum<\/span><\/a><\/p>\n","protected":false},"author":1,"featured_media":0,"parent":0,"menu_order":0,"comment_status":"closed","ping_status":"closed","template":"","meta":{"footnotes":""},"class_list":["post-1502","page","type-page","status-publish","hentry","entry"],"_links":{"self":[{"href":"https:\/\/lotsarnastockholm.se\/index.php\/wp-json\/wp\/v2\/pages\/1502","targetHints":{"allow":["GET"]}}],"collection":[{"href":"https:\/\/lotsarnastockholm.se\/index.php\/wp-json\/wp\/v2\/pages"}],"about":[{"href":"https:\/\/lotsarnastockholm.se\/index.php\/wp-json\/wp\/v2\/types\/page"}],"author":[{"embeddable":true,"href":"https:\/\/lotsarnastockholm.se\/index.php\/wp-json\/wp\/v2\/users\/1"}],"replies":[{"embeddable":true,"href":"https:\/\/lotsarnastockholm.se\/index.php\/wp-json\/wp\/v2\/comments?post=1502"}],"version-history":[{"count":7,"href":"https:\/\/lotsarnastockholm.se\/index.php\/wp-json\/wp\/v2\/pages\/1502\/revisions"}],"predecessor-version":[{"id":1882,"href":"https:\/\/lotsarnastockholm.se\/index.php\/wp-json\/wp\/v2\/pages\/1502\/revisions\/1882"}],"wp:attachment":[{"href":"https:\/\/lotsarnastockholm.se\/index.php\/wp-json\/wp\/v2\/media?parent=1502"}],"curies":[{"name":"wp","href":"https:\/\/api.w.org\/{rel}","templated":true}]}}